{"id":100,"date":"2021-07-19T19:37:58","date_gmt":"2021-07-19T17:37:58","guid":{"rendered":"https:\/\/pdm2021.uwb.edu.pl\/wordpress\/?page_id=100"},"modified":"2021-07-30T04:38:23","modified_gmt":"2021-07-30T02:38:23","slug":"dbamy-o-srodowisko","status":"publish","type":"page","link":"https:\/\/pdm2021.uwb.edu.pl\/wordpress\/dbamy-o-srodowisko\/","title":{"rendered":"DBAMY O \u015aRODOWISKO"},"content":{"rendered":"\t\t<div data-elementor-type=\"wp-page\" data-elementor-id=\"100\" class=\"elementor elementor-100\" data-elementor-settings=\"{&quot;ha_cmc_init_switcher&quot;:&quot;no&quot;}\">\n\t\t\t\t\t\t<section class=\"elementor-section elementor-top-section elementor-element elementor-element-691f35af elementor-section-boxed elementor-section-height-default elementor-section-height-default\" data-id=\"691f35af\" data-element_type=\"section\" data-e-type=\"section\" data-settings=\"{&quot;_ha_eqh_enable&quot;:false}\">\n\t\t\t\t\t\t<div class=\"elementor-container elementor-column-gap-default\">\n\t\t\t\t\t<div class=\"elementor-column elementor-col-100 elementor-top-column elementor-element elementor-element-1c3c18c3\" data-id=\"1c3c18c3\" data-element_type=\"column\" data-e-type=\"column\">\n\t\t\t<div class=\"elementor-widget-wrap elementor-element-populated\">\n\t\t\t\t\t\t<div class=\"elementor-element elementor-element-56c609a5 elementor-widget elementor-widget-text-editor\" data-id=\"56c609a5\" data-element_type=\"widget\" data-e-type=\"widget\" data-widget_type=\"text-editor.default\">\n\t\t\t\t<div class=\"elementor-widget-container\">\n\t\t\t\t\t\t\t\t\t<p><span style=\"color: #ffffff;\"><\/span><\/p>\n<p><span style=\"color: #ffffff;\">Bliska jest nam idea&nbsp;<em>zero waste<\/em>, zatem podczas prac organizacyjnych staramy si\u0119 w spos\u00f3b restrykcyjny minimalizowa\u0107 zu\u017cycie papieru.&nbsp;<\/span><\/p>\n<p><span style=\"color: #ffffff;\"><\/span><\/p>\n<p><span style=\"color: #ffffff;\">W zwi\u0105zku z tym uprzejmie informujemy, \u017ce:<\/span><\/p>\n<ol>\n<li><span style=\"color: #ffffff;\">faktura za uczestnictwo w konferencji b\u0119dzie wystawiona w formie elektronicznej (Art. 106n, Ustawa z dnia 11 marca 2004 r. o podatku od towar\u00f3w i us\u0142ug, Dz.U.2021.685 t.j.)<\/span><\/li>\n<li><span style=\"color: #ffffff;\">za\u015bwiadczenia o uczestnictwie w konferencji b\u0119d\u0105 wystawiane w formie elektronicznej<\/span><\/li>\n<li><span style=\"color: #ffffff;\">za\u015bwiadczenia o uczestnictwie biernym (status: s\u0142uchacz) nie b\u0119d\u0105 wystawiane.<\/span><\/li>\n<\/ol>\n<p><span style=\"color: #ffffff;\"><\/span><\/p>\t\t\t\t\t\t\t\t<\/div>\n\t\t\t\t<\/div>\n\t\t\t\t\t<\/div>\n\t\t<\/div>\n\t\t\t\t\t<\/div>\n\t\t<\/section>\n\t\t\t\t<\/div>\n\t\t","protected":false},"excerpt":{"rendered":"<p>Bliska jest nam idea&nbsp;zero waste, zatem podczas prac organizacyjnych staramy si\u0119 w spos\u00f3b restrykcyjny minimalizowa\u0107 zu\u017cycie papieru.&nbsp; W zwi\u0105zku z tym uprzejmie informujemy, \u017ce: faktura za uczestnictwo w konferencji b\u0119dzie wystawiona w formie elektronicznej (Art. 106n, Ustawa z dnia 11 marca 2004 r. o podatku od towar\u00f3w i us\u0142ug, Dz.U.2021.685 t.j.) za\u015bwiadczenia o uczestnictwie w <a class=\"read-more\" href=\"https:\/\/pdm2021.uwb.edu.pl\/wordpress\/dbamy-o-srodowisko\/\">READ MORE<\/a><\/p>\n","protected":false},"author":1,"featured_media":0,"parent":0,"menu_order":0,"comment_status":"closed","ping_status":"closed","template":"","meta":{"_monsterinsights_skip_tracking":false,"_monsterinsights_sitenote_active":false,"_monsterinsights_sitenote_note":"","_monsterinsights_sitenote_category":0,"footnotes":""},"class_list":["post-100","page","type-page","status-publish","hentry"],"aioseo_notices":[],"_links":{"self":[{"href":"https:\/\/pdm2021.uwb.edu.pl\/wordpress\/wp-json\/wp\/v2\/pages\/100","targetHints":{"allow":["GET"]}}],"collection":[{"href":"https:\/\/pdm2021.uwb.edu.pl\/wordpress\/wp-json\/wp\/v2\/pages"}],"about":[{"href":"https:\/\/pdm2021.uwb.edu.pl\/wordpress\/wp-json\/wp\/v2\/types\/page"}],"author":[{"embeddable":true,"href":"https:\/\/pdm2021.uwb.edu.pl\/wordpress\/wp-json\/wp\/v2\/users\/1"}],"replies":[{"embeddable":true,"href":"https:\/\/pdm2021.uwb.edu.pl\/wordpress\/wp-json\/wp\/v2\/comments?post=100"}],"version-history":[{"count":38,"href":"https:\/\/pdm2021.uwb.edu.pl\/wordpress\/wp-json\/wp\/v2\/pages\/100\/revisions"}],"predecessor-version":[{"id":773,"href":"https:\/\/pdm2021.uwb.edu.pl\/wordpress\/wp-json\/wp\/v2\/pages\/100\/revisions\/773"}],"wp:attachment":[{"href":"https:\/\/pdm2021.uwb.edu.pl\/wordpress\/wp-json\/wp\/v2\/media?parent=100"}],"curies":[{"name":"wp","href":"https:\/\/api.w.org\/{rel}","templated":true}]}}