{"id":120,"date":"2021-07-19T22:28:31","date_gmt":"2021-07-19T20:28:31","guid":{"rendered":"https:\/\/pdm2021.uwb.edu.pl\/wordpress\/?page_id=120"},"modified":"2021-09-04T15:51:12","modified_gmt":"2021-09-04T13:51:12","slug":"kontakt","status":"publish","type":"page","link":"https:\/\/pdm2021.uwb.edu.pl\/wordpress\/kontakt\/","title":{"rendered":"KONTAKT"},"content":{"rendered":"\t\t<div data-elementor-type=\"wp-page\" data-elementor-id=\"120\" class=\"elementor elementor-120\" data-elementor-settings=\"{&quot;ha_cmc_init_switcher&quot;:&quot;no&quot;}\">\n\t\t\t\t\t\t<section class=\"elementor-section elementor-top-section elementor-element elementor-element-5825e213 elementor-section-boxed elementor-section-height-default elementor-section-height-default\" data-id=\"5825e213\" data-element_type=\"section\" data-e-type=\"section\" data-settings=\"{&quot;_ha_eqh_enable&quot;:false}\">\n\t\t\t\t\t\t<div class=\"elementor-container elementor-column-gap-default\">\n\t\t\t\t\t<div class=\"elementor-column elementor-col-100 elementor-top-column elementor-element elementor-element-be7d27d\" data-id=\"be7d27d\" data-element_type=\"column\" data-e-type=\"column\">\n\t\t\t<div class=\"elementor-widget-wrap elementor-element-populated\">\n\t\t\t\t\t\t<div class=\"elementor-element elementor-element-59fdae1d elementor-widget elementor-widget-text-editor\" data-id=\"59fdae1d\" data-element_type=\"widget\" data-e-type=\"widget\" data-widget_type=\"text-editor.default\">\n\t\t\t\t<div class=\"elementor-widget-container\">\n\t\t\t\t\t\t\t\t\t<p><\/p>\n<p><span style=\"color: #ffffff;\">W razie zapyta\u0144 dotycz\u0105cych procedury zg\u0142oszeniowej serdecznie zapraszamy do kontaktu pod adresem mailowym <b><a href=\"mailto:prawo.do.miasta.2021@uwb.edu.pl\" target=\"_blank\" rel=\"noopener\">prawo.do.miasta.2021@uwb.edu.pl<\/a><\/b>.<br \/><\/span><\/p>\n<p><span style=\"color: #ffffff;\">\u00a0<\/span><\/p>\n<p><span style=\"color: #ffffff;\">Zapytania ze strony podmiot\u00f3w instytucjonalnych sektora publicznego i prywatnego &#8211; patrz: zak\u0142adka<strong> <a href=\"https:\/\/pdm2021.uwb.edu.pl\/wordpress\/wspolpraca-instytucjonalna-kontakt\/\" rel=\"noopener\">WSP\u00d3\u0141PRACA INSTYTUCJONALNA<\/a><\/strong>.<\/span><\/p>\n<p><\/p>\t\t\t\t\t\t\t\t<\/div>\n\t\t\t\t<\/div>\n\t\t\t\t\t<\/div>\n\t\t<\/div>\n\t\t\t\t\t<\/div>\n\t\t<\/section>\n\t\t\t\t<section class=\"elementor-section elementor-top-section elementor-element elementor-element-5ae582a elementor-section-boxed elementor-section-height-default elementor-section-height-default\" data-id=\"5ae582a\" data-element_type=\"section\" data-e-type=\"section\" data-settings=\"{&quot;_ha_eqh_enable&quot;:false}\">\n\t\t\t\t\t\t<div class=\"elementor-container elementor-column-gap-default\">\n\t\t\t\t\t<div class=\"elementor-column elementor-col-100 elementor-top-column elementor-element elementor-element-f87069c\" data-id=\"f87069c\" data-element_type=\"column\" data-e-type=\"column\">\n\t\t\t<div class=\"elementor-widget-wrap\">\n\t\t\t\t\t\t\t<\/div>\n\t\t<\/div>\n\t\t\t\t\t<\/div>\n\t\t<\/section>\n\t\t\t\t<\/div>\n\t\t","protected":false},"excerpt":{"rendered":"<p>W razie zapyta\u0144 dotycz\u0105cych procedury zg\u0142oszeniowej serdecznie zapraszamy do kontaktu pod adresem mailowym prawo.do.miasta.2021@uwb.edu.pl. \u00a0 Zapytania ze strony podmiot\u00f3w instytucjonalnych sektora publicznego i prywatnego &#8211; patrz: zak\u0142adka WSP\u00d3\u0141PRACA INSTYTUCJONALNA.<\/p>\n","protected":false},"author":1,"featured_media":0,"parent":0,"menu_order":0,"comment_status":"closed","ping_status":"closed","template":"","meta":{"_monsterinsights_skip_tracking":false,"_monsterinsights_sitenote_active":false,"_monsterinsights_sitenote_note":"","_monsterinsights_sitenote_category":0,"footnotes":""},"class_list":["post-120","page","type-page","status-publish","hentry"],"aioseo_notices":[],"_links":{"self":[{"href":"https:\/\/pdm2021.uwb.edu.pl\/wordpress\/wp-json\/wp\/v2\/pages\/120","targetHints":{"allow":["GET"]}}],"collection":[{"href":"https:\/\/pdm2021.uwb.edu.pl\/wordpress\/wp-json\/wp\/v2\/pages"}],"about":[{"href":"https:\/\/pdm2021.uwb.edu.pl\/wordpress\/wp-json\/wp\/v2\/types\/page"}],"author":[{"embeddable":true,"href":"https:\/\/pdm2021.uwb.edu.pl\/wordpress\/wp-json\/wp\/v2\/users\/1"}],"replies":[{"embeddable":true,"href":"https:\/\/pdm2021.uwb.edu.pl\/wordpress\/wp-json\/wp\/v2\/comments?post=120"}],"version-history":[{"count":48,"href":"https:\/\/pdm2021.uwb.edu.pl\/wordpress\/wp-json\/wp\/v2\/pages\/120\/revisions"}],"predecessor-version":[{"id":2386,"href":"https:\/\/pdm2021.uwb.edu.pl\/wordpress\/wp-json\/wp\/v2\/pages\/120\/revisions\/2386"}],"wp:attachment":[{"href":"https:\/\/pdm2021.uwb.edu.pl\/wordpress\/wp-json\/wp\/v2\/media?parent=120"}],"curies":[{"name":"wp","href":"https:\/\/api.w.org\/{rel}","templated":true}]}}