{"id":1704,"date":"2021-08-28T12:28:11","date_gmt":"2021-08-28T10:28:11","guid":{"rendered":"https:\/\/pdm2021.uwb.edu.pl\/wordpress\/?page_id=1704"},"modified":"2023-05-27T18:01:15","modified_gmt":"2023-05-27T16:01:15","slug":"elementor-1704","status":"publish","type":"page","link":"https:\/\/pdm2021.uwb.edu.pl\/wordpress\/elementor-1704\/","title":{"rendered":"OG\u0141OSZENIE"},"content":{"rendered":"\t\t<div data-elementor-type=\"wp-page\" data-elementor-id=\"1704\" class=\"elementor elementor-1704\" data-elementor-settings=\"{&quot;ha_cmc_init_switcher&quot;:&quot;no&quot;}\">\n\t\t\t\t\t\t<section class=\"elementor-section elementor-top-section elementor-element elementor-element-d2425f1 elementor-section-boxed elementor-section-height-default elementor-section-height-default\" data-id=\"d2425f1\" data-element_type=\"section\" data-e-type=\"section\" data-settings=\"{&quot;_ha_eqh_enable&quot;:false}\">\n\t\t\t\t\t\t<div class=\"elementor-container elementor-column-gap-default\">\n\t\t\t\t\t<div class=\"elementor-column elementor-col-100 elementor-top-column elementor-element elementor-element-f06ca1d\" data-id=\"f06ca1d\" data-element_type=\"column\" data-e-type=\"column\">\n\t\t\t<div class=\"elementor-widget-wrap elementor-element-populated\">\n\t\t\t\t\t\t\t<\/div>\n\t\t<\/div>\n\t\t\t\t\t<\/div>\n\t\t<\/section>\n\t\t\t\t<section class=\"elementor-section elementor-top-section elementor-element elementor-element-b3f6abc elementor-section-boxed elementor-section-height-default elementor-section-height-default\" data-id=\"b3f6abc\" data-element_type=\"section\" data-e-type=\"section\" data-settings=\"{&quot;_ha_eqh_enable&quot;:false}\">\n\t\t\t\t\t\t<div class=\"elementor-container elementor-column-gap-default\">\n\t\t\t\t\t<div class=\"elementor-column elementor-col-100 elementor-top-column elementor-element elementor-element-ddd0c42\" data-id=\"ddd0c42\" data-element_type=\"column\" data-e-type=\"column\">\n\t\t\t<div class=\"elementor-widget-wrap elementor-element-populated\">\n\t\t\t\t\t\t<div class=\"elementor-element elementor-element-ff954ed elementor-widget elementor-widget-text-editor\" data-id=\"ff954ed\" data-element_type=\"widget\" data-e-type=\"widget\" data-widget_type=\"text-editor.default\">\n\t\t\t\t<div class=\"elementor-widget-container\">\n\t\t\t\t\t\t\t\t\t<h1 style=\"text-align: left;\">&nbsp;<\/h1>\n<h1 style=\"text-align: left;\"><img decoding=\"async\" class=\"alignnone size-medium wp-image-1949\" src=\"https:\/\/pdm2021.uwb.edu.pl\/wordpress\/wp-content\/uploads\/2021\/08\/LOGO-PDM-2021-300x59.png\" alt=\"\" width=\"300\" height=\"59\" srcset=\"https:\/\/pdm2021.uwb.edu.pl\/wordpress\/wp-content\/uploads\/2021\/08\/LOGO-PDM-2021-300x59.png 300w, https:\/\/pdm2021.uwb.edu.pl\/wordpress\/wp-content\/uploads\/2021\/08\/LOGO-PDM-2021-1024x203.png 1024w, https:\/\/pdm2021.uwb.edu.pl\/wordpress\/wp-content\/uploads\/2021\/08\/LOGO-PDM-2021-768x152.png 768w, https:\/\/pdm2021.uwb.edu.pl\/wordpress\/wp-content\/uploads\/2021\/08\/LOGO-PDM-2021-1536x304.png 1536w, https:\/\/pdm2021.uwb.edu.pl\/wordpress\/wp-content\/uploads\/2021\/08\/LOGO-PDM-2021.png 1829w\" sizes=\"(max-width: 300px) 100vw, 300px\" \/>&nbsp;<\/h1>\n<p><strong>Zak\u0142ad Socjologii Organizacji i Instytucji Instytutu Socjologii Uniwersytetu w Bia\u0142ymstoku wraz z Wydzia\u0142em Socjologii Uniwersytetu im. Adama Mickiewicza w Poznaniu, Wydzia\u0142em Architektury Politechniki Bia\u0142ostockiej oraz Uni\u0105 Metropolii Polskich im. Paw\u0142a Adamowicza serdecznie zapraszaj\u0105 do udzia\u0142u w og\u00f3lnopolskiej, interdyscyplinarnej konferencji pt. <span style=\"color: #fcfcc2;\">PRAWO DO MIASTA. INSTYTUCJE, SYSTEMY, PROCESY (PDM-2021), 06-10 GRUDNIA 2021 ROKU (TRYB ZDALNY)<\/span>.<\/strong><\/p>\n<p><img decoding=\"async\" class=\"size-medium wp-image-1903 aligncenter\" src=\"https:\/\/pdm2021.uwb.edu.pl\/wordpress\/wp-content\/uploads\/2021\/08\/poprawione-podwojne-logo-300x78.png\" alt=\"\" width=\"300\" height=\"78\" srcset=\"https:\/\/pdm2021.uwb.edu.pl\/wordpress\/wp-content\/uploads\/2021\/08\/poprawione-podwojne-logo-300x78.png 300w, https:\/\/pdm2021.uwb.edu.pl\/wordpress\/wp-content\/uploads\/2021\/08\/poprawione-podwojne-logo-1024x265.png 1024w, https:\/\/pdm2021.uwb.edu.pl\/wordpress\/wp-content\/uploads\/2021\/08\/poprawione-podwojne-logo-768x199.png 768w, https:\/\/pdm2021.uwb.edu.pl\/wordpress\/wp-content\/uploads\/2021\/08\/poprawione-podwojne-logo.png 1382w\" sizes=\"(max-width: 300px) 100vw, 300px\" \/><\/p>\n<p><strong>Sesje tematyczne poprowadz\u0105:<\/strong><\/p>\n<p><strong><span style=\"color: #548bbf;\">SESJA NR 1. PROWADZENIE:<\/span><\/strong> <em>Prof. dr hab. Hubert Izdebski<\/em> (Uniwersytet SWPS)<\/p>\n<p><strong><span style=\"color: #548bbf;\">SESJA NR 2. PROWADZENIE:<\/span><\/strong> <em>Dr hab. Maja Biernacka<\/em> (Uniwersytet w Bia\u0142ymstoku) i <em>Prof. dr hab. Marek Szczepa\u0144ski<\/em> (Uniwersytet \u015al\u0105ski w Katowicach)<\/p>\n<p><strong><span style=\"color: #548bbf;\">SESJA NR 3. PROWADZENIE:<\/span><\/strong><em> Prof. dr hab. Marek Zi\u00f3\u0142kowski<\/em> (Uniwersytet im. Adama Mickiewicza w Poznaniu) i <em>Prof. dr hab. Rafa\u0142 Drozdowski<\/em> (Uniwersytet im. Adama Mickiewicza w Poznaniu)<\/p>\n<p><strong><span style=\"color: #548bbf;\">SESJA NR 4. PROWADZENIE:<\/span><\/strong> <em>Prof. dr hab. Iwona Sagan<\/em> (Uniwersytet Gda\u0144ski)<\/p>\n<p><span style=\"color: #548bbf;\"><strong>SESJA NR 5. PROWADZENIE:<\/strong><\/span> <em>Prof. dr hab. Pawe\u0142 Starosta<\/em> (Uniwersytet \u0141\u00f3dzki) i <em>Dr hab. Ma\u0142gorzata Dymnicka<\/em>, prof. PG (Politechnika Gda\u0144ska)<\/p>\n<p><span style=\"color: #548bbf;\"><strong>SESJA NR 6. PROWADZENIE:<\/strong><\/span> <em>Dr hab. Barbara Cie\u015bli\u0144ska<\/em>, prof. UwB (Uniwersytet w Bia\u0142ymstoku)<\/p>\n<p><span style=\"color: #548bbf;\"><strong>SESJA NR 7. PROWADZENIE:<\/strong><\/span> <em>Dr hab. Maciej Kowalewski<\/em>, prof. US (Uniwersytet Szczeci\u0144ski)<\/p>\n<p><span style=\"color: #548bbf;\"><strong>SESJA NR 8. PROWADZENIE:<\/strong> <\/span><em>Dr hab. in\u017c. Zbigniew Karaczun<\/em>, prof. SGGW (Szko\u0142a G\u0142\u00f3wna Gospodarstwa Wiejskiego w Warszawie)<\/p>\n<p><span style=\"color: #548bbf;\"><strong>SESJA NR 9. PROWADZENIE:<\/strong><\/span> <em>Prof. dr hab. in\u017c. arch. Ewa Kury\u0142owicz<\/em> (Politechnika Warszawska)<\/p>\n<p><strong><span style=\"color: #548bbf;\">SESJA NR 10. PROWADZENIE:<\/span><\/strong> <em>Prof. dr hab. in\u017c. arch. Justyna Kobylarczyk<\/em> (Politechnika Krakowska im. Tadeusza Ko\u015bciuszki)<\/p>\n<p><span style=\"color: #548bbf;\"><strong>SESJA NR 11. PROWADZENIE:<\/strong> <\/span><em>Dr hab. Ma\u0142gorzata Pi\u0119ta-Kanurska<\/em>, prof. UE (Uniwersytet Ekonomiczny we Wroc\u0142awiu)<\/p>\n<p><strong>Szczeg\u00f3\u0142owe informacje znajd\u0105 Pa\u0144stwo na stronie <span style=\"color: #fcfcc2;\">PDM-2021<\/span>:<\/strong> <span style=\"color: #548bbf;\"><strong>https:\/\/pdm2021.uwb.edu.pl\/wordpress\/<\/strong><\/span><\/p>\n<p><em>&nbsp;<\/em><\/p>\n<p><em>Serdecznie zapraszamy do sk\u0142adania abstrakt\u00f3w,<\/em><\/p>\n<p><em>Komitet Organizacyjny PDM-2021<\/em><\/p>\t\t\t\t\t\t\t\t<\/div>\n\t\t\t\t<\/div>\n\t\t\t\t\t<\/div>\n\t\t<\/div>\n\t\t\t\t\t<\/div>\n\t\t<\/section>\n\t\t\t\t<\/div>\n\t\t","protected":false},"excerpt":{"rendered":"<p>&nbsp; &nbsp; Zak\u0142ad Socjologii Organizacji i Instytucji Instytutu Socjologii Uniwersytetu w Bia\u0142ymstoku wraz z Wydzia\u0142em Socjologii Uniwersytetu im. Adama Mickiewicza w Poznaniu, Wydzia\u0142em Architektury Politechniki Bia\u0142ostockiej oraz Uni\u0105 Metropolii Polskich im. Paw\u0142a Adamowicza serdecznie zapraszaj\u0105 do udzia\u0142u w og\u00f3lnopolskiej, interdyscyplinarnej konferencji pt. PRAWO DO MIASTA. INSTYTUCJE, SYSTEMY, PROCESY (PDM-2021), 06-10 GRUDNIA 2021 ROKU (TRYB ZDALNY). <a class=\"read-more\" href=\"https:\/\/pdm2021.uwb.edu.pl\/wordpress\/elementor-1704\/\">READ MORE<\/a><\/p>\n","protected":false},"author":1,"featured_media":0,"parent":0,"menu_order":0,"comment_status":"closed","ping_status":"closed","template":"","meta":{"_monsterinsights_skip_tracking":false,"_monsterinsights_sitenote_active":false,"_monsterinsights_sitenote_note":"","_monsterinsights_sitenote_category":0,"footnotes":""},"class_list":["post-1704","page","type-page","status-publish","hentry"],"aioseo_notices":[],"_links":{"self":[{"href":"https:\/\/pdm2021.uwb.edu.pl\/wordpress\/wp-json\/wp\/v2\/pages\/1704","targetHints":{"allow":["GET"]}}],"collection":[{"href":"https:\/\/pdm2021.uwb.edu.pl\/wordpress\/wp-json\/wp\/v2\/pages"}],"about":[{"href":"https:\/\/pdm2021.uwb.edu.pl\/wordpress\/wp-json\/wp\/v2\/types\/page"}],"author":[{"embeddable":true,"href":"https:\/\/pdm2021.uwb.edu.pl\/wordpress\/wp-json\/wp\/v2\/users\/1"}],"replies":[{"embeddable":true,"href":"https:\/\/pdm2021.uwb.edu.pl\/wordpress\/wp-json\/wp\/v2\/comments?post=1704"}],"version-history":[{"count":267,"href":"https:\/\/pdm2021.uwb.edu.pl\/wordpress\/wp-json\/wp\/v2\/pages\/1704\/revisions"}],"predecessor-version":[{"id":3320,"href":"https:\/\/pdm2021.uwb.edu.pl\/wordpress\/wp-json\/wp\/v2\/pages\/1704\/revisions\/3320"}],"wp:attachment":[{"href":"https:\/\/pdm2021.uwb.edu.pl\/wordpress\/wp-json\/wp\/v2\/media?parent=1704"}],"curies":[{"name":"wp","href":"https:\/\/api.w.org\/{rel}","templated":true}]}}