{"id":282,"date":"2021-07-29T18:00:24","date_gmt":"2021-07-29T16:00:24","guid":{"rendered":"https:\/\/pdm2021.uwb.edu.pl\/wordpress\/?page_id=282"},"modified":"2021-08-05T00:40:55","modified_gmt":"2021-08-04T22:40:55","slug":"wspolczesne-wymagania-jakosci-srodowiska-mieszkaniowego-jego-standardy-i-metody-oceny","status":"publish","type":"page","link":"https:\/\/pdm2021.uwb.edu.pl\/wordpress\/wspolczesne-wymagania-jakosci-srodowiska-mieszkaniowego-jego-standardy-i-metody-oceny\/","title":{"rendered":"WSP\u00d3\u0141CZESNE WYMAGANIA JAKO\u015aCI \u015aRODOWISKA MIESZKANIOWEGO, JEGO STANDARDY I METODY OCENY"},"content":{"rendered":"\t\t<div data-elementor-type=\"wp-page\" data-elementor-id=\"282\" class=\"elementor elementor-282\" data-elementor-settings=\"{&quot;ha_cmc_init_switcher&quot;:&quot;no&quot;}\">\n\t\t\t\t\t\t<section class=\"elementor-section elementor-top-section elementor-element elementor-element-303ed2e elementor-section-boxed elementor-section-height-default elementor-section-height-default\" data-id=\"303ed2e\" data-element_type=\"section\" data-e-type=\"section\" data-settings=\"{&quot;_ha_eqh_enable&quot;:false}\">\n\t\t\t\t\t\t<div class=\"elementor-container elementor-column-gap-default\">\n\t\t\t\t\t<div class=\"elementor-column elementor-col-100 elementor-top-column elementor-element elementor-element-dbdfce8\" data-id=\"dbdfce8\" data-element_type=\"column\" data-e-type=\"column\">\n\t\t\t<div class=\"elementor-widget-wrap elementor-element-populated\">\n\t\t\t\t\t\t<div class=\"elementor-element elementor-element-8f2c070 elementor-widget elementor-widget-text-editor\" data-id=\"8f2c070\" data-element_type=\"widget\" data-e-type=\"widget\" data-widget_type=\"text-editor.default\">\n\t\t\t\t<div class=\"elementor-widget-container\">\n\t\t\t\t\t\t\t\t\t<p>\u015arodowisko mieszkaniowe jest obszarem, z kt\u00f3rym czujemy si\u0119 zwi\u0105zani, odnajdujemy w nim swoje ulubione miejsca,\u00a0 uto\u017csamiamy si\u0119 z nim, anga\u017cujemy w nie swoje emocje i traktujemy jako \u201enasze\u201d. W zwi\u0105zku z tym, dyskusja na temat metod oceny jako\u015bci tego \u015brodowiska nie powinna ogranicza\u0107 si\u0119 do obiektywnych wska\u017anik\u00f3w, ale te\u017c uwzgl\u0119dnia\u0107 subiektywne opinie i odczucia mieszka\u0144c\u00f3w. Nie jest to \u0142atwe zadanie zwa\u017cywszy na dynamik\u0119 z jednej strony potrzeb, wymaga\u0144 oraz aspiracji mieszkaniowych ludno\u015bci, a z drugiej strony mo\u017cliwo\u015bci ich finansowania. Nie bez znaczenia dla oczekiwa\u0144 wobec \u015brodowiska mieszkaniowego s\u0105 te\u017c zmiany styl\u00f3w \u017cycia \u2013 ta ostatnia kwestia nabra\u0142a szczeg\u00f3lnego znaczenia w zwi\u0105zku z ograniczeniami codziennego funkcjonowania, jakie pojawi\u0142y si\u0119 w zwi\u0105zku z pandemi\u0105.<\/p><p>Nale\u017cy podkre\u015bli\u0107, \u017ce brak jest uniwersalnej metody analizy jako\u015bci \u015brodowiska mieszkaniowego, to jest takiej, kt\u00f3rej zastosowanie by\u0142oby zasadne niezale\u017cnie od jego specyfiki i w ka\u017cdej lokalizacji. Analiza powinna stwarza\u0107 mo\u017cliwo\u015b\u0107 kompleksowego spojrzenia i tym samym mie\u0107 charakter interdyscyplinarny. Celem sesji jest prezentacja referat\u00f3w, a nast\u0119pnie podj\u0119cie dyskusji eksperckiej na temat <em>jako\u015bci \u015brodowiska mieszkaniowego<\/em>, w tym zdefiniowania kategorii takich jak <em>wysoki standard<\/em> i <em>komfort<\/em> w obliczu proces\u00f3w rozwoju cywilizacyjnego, a tak\u017ce wi\u0105\u017c\u0105cych si\u0119 z nim zagro\u017ce\u0144. Interesuje nas ustalenie, jakimi dysponujemy mo\u017cliwo\u015bciami oceny obszar\u00f3w mieszkaniowych i wyci\u0105gni\u0119cie obiektywnych wniosk\u00f3w.<\/p><p>Spodziewanym efektem b\u0119dzie wypracowanie wsp\u00f3lnego stanowiska w zakresie po\u017c\u0105danych kierunk\u00f3w <em>podnoszenia jako\u015bci obszar\u00f3w mieszkaniowych<\/em>, a tak\u017ce wskazanie jej kluczowych element\u00f3w i czynnik\u00f3w, a tak\u017ce uwarunkowa\u0144, kt\u00f3re nale\u017cy uwzgl\u0119dni\u0107 w ramach oceny \u015brodowiska mieszkaniowego, a wcze\u015bniej przy doborze odpowiednich metod tej oceny. \u00a0\u00a0<\/p>\t\t\t\t\t\t\t\t<\/div>\n\t\t\t\t<\/div>\n\t\t\t\t\t<\/div>\n\t\t<\/div>\n\t\t\t\t\t<\/div>\n\t\t<\/section>\n\t\t\t\t<\/div>\n\t\t","protected":false},"excerpt":{"rendered":"<p>\u015arodowisko mieszkaniowe jest obszarem, z kt\u00f3rym czujemy si\u0119 zwi\u0105zani, odnajdujemy w nim swoje ulubione miejsca,\u00a0 uto\u017csamiamy si\u0119 z nim, anga\u017cujemy w nie swoje emocje i traktujemy jako \u201enasze\u201d. W zwi\u0105zku z tym, dyskusja na temat metod oceny jako\u015bci tego \u015brodowiska nie powinna ogranicza\u0107 si\u0119 do obiektywnych wska\u017anik\u00f3w, ale te\u017c uwzgl\u0119dnia\u0107 subiektywne opinie i odczucia mieszka\u0144c\u00f3w. <a class=\"read-more\" href=\"https:\/\/pdm2021.uwb.edu.pl\/wordpress\/wspolczesne-wymagania-jakosci-srodowiska-mieszkaniowego-jego-standardy-i-metody-oceny\/\">READ MORE<\/a><\/p>\n","protected":false},"author":1,"featured_media":0,"parent":0,"menu_order":0,"comment_status":"closed","ping_status":"closed","template":"","meta":{"_monsterinsights_skip_tracking":false,"_monsterinsights_sitenote_active":false,"_monsterinsights_sitenote_note":"","_monsterinsights_sitenote_category":0,"footnotes":""},"class_list":["post-282","page","type-page","status-publish","hentry"],"aioseo_notices":[],"_links":{"self":[{"href":"https:\/\/pdm2021.uwb.edu.pl\/wordpress\/wp-json\/wp\/v2\/pages\/282","targetHints":{"allow":["GET"]}}],"collection":[{"href":"https:\/\/pdm2021.uwb.edu.pl\/wordpress\/wp-json\/wp\/v2\/pages"}],"about":[{"href":"https:\/\/pdm2021.uwb.edu.pl\/wordpress\/wp-json\/wp\/v2\/types\/page"}],"author":[{"embeddable":true,"href":"https:\/\/pdm2021.uwb.edu.pl\/wordpress\/wp-json\/wp\/v2\/users\/1"}],"replies":[{"embeddable":true,"href":"https:\/\/pdm2021.uwb.edu.pl\/wordpress\/wp-json\/wp\/v2\/comments?post=282"}],"version-history":[{"count":42,"href":"https:\/\/pdm2021.uwb.edu.pl\/wordpress\/wp-json\/wp\/v2\/pages\/282\/revisions"}],"predecessor-version":[{"id":920,"href":"https:\/\/pdm2021.uwb.edu.pl\/wordpress\/wp-json\/wp\/v2\/pages\/282\/revisions\/920"}],"wp:attachment":[{"href":"https:\/\/pdm2021.uwb.edu.pl\/wordpress\/wp-json\/wp\/v2\/media?parent=282"}],"curies":[{"name":"wp","href":"https:\/\/api.w.org\/{rel}","templated":true}]}}