{"id":285,"date":"2021-07-22T21:31:41","date_gmt":"2021-07-22T19:31:41","guid":{"rendered":"https:\/\/pdm2021.uwb.edu.pl\/wordpress\/?page_id=285"},"modified":"2021-07-23T10:50:44","modified_gmt":"2021-07-23T08:50:44","slug":"285-2","status":"publish","type":"page","link":"https:\/\/pdm2021.uwb.edu.pl\/wordpress\/285-2\/","title":{"rendered":"RE\u017bIMY MIEJSKIE"},"content":{"rendered":"\n<p>Sesja po\u015bwi\u0119cona b\u0119dzie problematyce re\u017cim\u00f3w miejskich (ang. <em>urban regimes<\/em>), rozumianych jako relatywnie stabilne koalicje aktor\u00f3w spo\u0142ecznych, kt\u00f3re dysponuj\u0105 \u015brodkami do sprawowania w\u0142adzy na scenie miejskiej. Interesowa\u0107 nas b\u0119d\u0105 wzorce formalnego oraz nieformalnego w\u0142adania, konflikty o korzystanie z przestrzeni miejskiej z udzia\u0142em w\u0142a\u015bcicieli obiekt\u00f3w, deweloper\u00f3w, ekolog\u00f3w, a r\u00f3wnie\u017c w\u0142adz samorz\u0105dowych i in., a tak\u017ce formy oraz zakres instytucjonalizacji grup interesu \u2013 z zastrze\u017ceniem dba\u0142o\u015bci o neutralno\u015b\u0107 ideow\u0105 prowadzonych analiz.<\/p>\n\n\n\n<p>Opr\u00f3cz koncepcji re\u017cim\u00f3w miejskich zach\u0119camy Pa\u0144stwa do ulokowania tematyki referat\u00f3w w ramach teoretycznych, kt\u00f3re proponuje socjologia konfliktu oraz nowy\/neoinstytucjonalizm, z uwzgl\u0119dnieniem specyficznych sposob\u00f3w rozumienia takich kategorii jak <em>instytucja<\/em>,<em> w\u0142adza<\/em>, <em>kontrola<\/em>, czy <em>legitymizacja<\/em>. Znakomit\u0105 perspektyw\u0119 zapewni r\u00f3wnie\u017c koncepcja ekologii spo\u0142ecznej, przyj\u0119ta w obr\u0119bie szko\u0142y chicagowskiej w socjologii (a nie w alternatywnym rozumieniu tego poj\u0119cia, odnosz\u0105cym si\u0119 do idealistycznych wizji m.in. inspirowanych anarchizmem spo\u0142ecznym), w kt\u00f3rej soczewk\u0105 s\u0105 zw\u0142aszcza kategorie <em>segregacji<\/em>, <em>koncentracji<\/em>, <em>inwazji<\/em> oraz <em>sukcesji<\/em>, dotycz\u0105ce proces\u00f3w, jakim podlegaj\u0105 relacje spo\u0142eczno-przestrzenne. Referaty po\u015bwi\u0119cone mog\u0105 by\u0107 na przyk\u0142ad konfliktom o zaw\u0142aszczanie przestrzeni, kt\u00f3rych przedmiotem jest kontrola nad dzielnic\u0105 oraz przywileje w postaci dost\u0119pu do rzadkich d\u00f3br czy zasob\u00f3w. Tematem wartym uwagi b\u0119d\u0105 te\u017c spory, zw\u0142aszcza z udzia\u0142em mniejszo\u015bci narodowych lub etnicznych b\u0105d\u017a wsp\u00f3lnot wyznaniowych, jakie tocz\u0105 si\u0119 wok\u00f3\u0142 usankcjonowania miejsca pami\u0119ci lub kultu czy te\u017c innego obiektu na terenie miasta, do kt\u00f3rego ka\u017cda z nich ro\u015bci sobie prawa.<\/p>\n","protected":false},"excerpt":{"rendered":"<p>Sesja po\u015bwi\u0119cona b\u0119dzie problematyce re\u017cim\u00f3w miejskich (ang. urban regimes), rozumianych jako relatywnie stabilne koalicje aktor\u00f3w spo\u0142ecznych, kt\u00f3re dysponuj\u0105 \u015brodkami do sprawowania w\u0142adzy na scenie miejskiej. Interesowa\u0107 nas b\u0119d\u0105 wzorce formalnego oraz nieformalnego w\u0142adania, konflikty o korzystanie z przestrzeni miejskiej z udzia\u0142em w\u0142a\u015bcicieli obiekt\u00f3w, deweloper\u00f3w, ekolog\u00f3w, a r\u00f3wnie\u017c w\u0142adz samorz\u0105dowych i in., a tak\u017ce formy oraz <a class=\"read-more\" href=\"https:\/\/pdm2021.uwb.edu.pl\/wordpress\/285-2\/\">READ MORE<\/a><\/p>\n","protected":false},"author":1,"featured_media":0,"parent":0,"menu_order":0,"comment_status":"closed","ping_status":"closed","template":"","meta":{"_monsterinsights_skip_tracking":false,"_monsterinsights_sitenote_active":false,"_monsterinsights_sitenote_note":"","_monsterinsights_sitenote_category":0,"footnotes":""},"class_list":["post-285","page","type-page","status-publish","hentry"],"aioseo_notices":[],"_links":{"self":[{"href":"https:\/\/pdm2021.uwb.edu.pl\/wordpress\/wp-json\/wp\/v2\/pages\/285","targetHints":{"allow":["GET"]}}],"collection":[{"href":"https:\/\/pdm2021.uwb.edu.pl\/wordpress\/wp-json\/wp\/v2\/pages"}],"about":[{"href":"https:\/\/pdm2021.uwb.edu.pl\/wordpress\/wp-json\/wp\/v2\/types\/page"}],"author":[{"embeddable":true,"href":"https:\/\/pdm2021.uwb.edu.pl\/wordpress\/wp-json\/wp\/v2\/users\/1"}],"replies":[{"embeddable":true,"href":"https:\/\/pdm2021.uwb.edu.pl\/wordpress\/wp-json\/wp\/v2\/comments?post=285"}],"version-history":[{"count":2,"href":"https:\/\/pdm2021.uwb.edu.pl\/wordpress\/wp-json\/wp\/v2\/pages\/285\/revisions"}],"predecessor-version":[{"id":287,"href":"https:\/\/pdm2021.uwb.edu.pl\/wordpress\/wp-json\/wp\/v2\/pages\/285\/revisions\/287"}],"wp:attachment":[{"href":"https:\/\/pdm2021.uwb.edu.pl\/wordpress\/wp-json\/wp\/v2\/media?parent=285"}],"curies":[{"name":"wp","href":"https:\/\/api.w.org\/{rel}","templated":true}]}}