{"id":288,"date":"2021-07-22T21:34:49","date_gmt":"2021-07-22T19:34:49","guid":{"rendered":"https:\/\/pdm2021.uwb.edu.pl\/wordpress\/?page_id=288"},"modified":"2021-07-26T11:25:43","modified_gmt":"2021-07-26T09:25:43","slug":"288-2","status":"publish","type":"page","link":"https:\/\/pdm2021.uwb.edu.pl\/wordpress\/288-2\/","title":{"rendered":"INNOWACYJNE INSTRUMENTY ZARZ\u0104DZANIA OCHRON\u0104 \u015aRODOWISKA I KLIMATU W MIASTACH"},"content":{"rendered":"\t\t<div data-elementor-type=\"wp-page\" data-elementor-id=\"288\" class=\"elementor elementor-288\" data-elementor-settings=\"{&quot;ha_cmc_init_switcher&quot;:&quot;no&quot;}\">\n\t\t\t\t\t\t<section class=\"elementor-section elementor-top-section elementor-element elementor-element-bb466ae elementor-section-boxed elementor-section-height-default elementor-section-height-default\" data-id=\"bb466ae\" data-element_type=\"section\" data-e-type=\"section\" data-settings=\"{&quot;_ha_eqh_enable&quot;:false}\">\n\t\t\t\t\t\t<div class=\"elementor-container elementor-column-gap-default\">\n\t\t\t\t\t<div class=\"elementor-column elementor-col-100 elementor-top-column elementor-element elementor-element-348c4ed7\" data-id=\"348c4ed7\" data-element_type=\"column\" data-e-type=\"column\">\n\t\t\t<div class=\"elementor-widget-wrap elementor-element-populated\">\n\t\t\t\t\t\t<div class=\"elementor-element elementor-element-5c8c7a69 elementor-widget elementor-widget-text-editor\" data-id=\"5c8c7a69\" data-element_type=\"widget\" data-e-type=\"widget\" data-widget_type=\"text-editor.default\">\n\t\t\t\t<div class=\"elementor-widget-container\">\n\t\t\t\t\t\t\t\t\t\n<p>Zapraszamy Pa\u0144stwa do zg\u0142aszania referat\u00f3w prezentuj\u0105cych innowacyjne instrumenty zarz\u0105dzania ochron\u0105 \u015brodowiska i klimatu na terenach zurbanizowanych.<br>Ju\u017c obecnie ponad po\u0142owa ludzko\u015bci mieszka w miastach i ma ograniczony kontakt z przyrod\u0105. Poniewa\u017c to w\u0142a\u015bnie w coraz bardziej rozrastaj\u0105cych si\u0119 o\u015brodkach miejskich skupia si\u0119 olbrzymi potencja\u0142 spo\u0142eczny, intelektualny, technologiczny oraz ekonomiczny, kardynalnym zadaniem jest wypracowanie nowego modelu rozwoju, kt\u00f3ry zapewni, \u017ce nie zostan\u0105 przekroczone granice stabilno\u015bci systemu przyrodniczego. Aby tak si\u0119 sta\u0142o, potrzebujemy nowych narz\u0119dzi, bo jak si\u0119 wydaje istniej\u0105ce wyczerpa\u0142y ju\u017c sw\u00f3j potencja\u0142 ochrony \u015brodowiska.<br>Dlatego w szczeg\u00f3lno\u015bci oczekujemy wyst\u0105pie\u0144 zawieraj\u0105cych propozycje innowacyjnych instrument\u00f3w: technologicznych, organizacyjnych, ekonomicznych, a tak\u017ce z zakresu polityki ekologicznej i spo\u0142ecznej. Zach\u0119camy te\u017c do prezentowania przyk\u0142ad\u00f3w dobrych praktyk \u2013 zar\u00f3wno wdra\u017canych na poziomie krajowym, jak i mi\u0119dzynarodowym \u2013 skutecznego i d\u0142ugofalowego rozwi\u0105zywania problem\u00f3w ekologicznych na terenach zurbanizowanych, a przy tym budowy spo\u0142ecze\u0144stwa umiaru, a nie konsumpcji. <\/p>\n\n\n\n<p>Podczas dyskusji, kt\u00f3r\u0105 przewidujemy po prezentacji referat\u00f3w, dzieli\u0107 b\u0119dziemy si\u0119 ponadto przemy\u015bleniami, w jaki spos\u00f3b nale\u017cy kszta\u0142towa\u0107 relacje, jakie wi\u0105\u017c\u0105 miasta oraz ich mieszka\u0144c\u00f3w ze \u015brodowiskiem przyrodniczym, aby nie dopu\u015bci\u0107 do ekologicznej i klimatycznej katastrofy.<\/p>\n\t\t\t\t\t\t\t\t<\/div>\n\t\t\t\t<\/div>\n\t\t\t\t\t<\/div>\n\t\t<\/div>\n\t\t\t\t\t<\/div>\n\t\t<\/section>\n\t\t\t\t<\/div>\n\t\t","protected":false},"excerpt":{"rendered":"<p>Zapraszamy Pa\u0144stwa do zg\u0142aszania referat\u00f3w prezentuj\u0105cych innowacyjne instrumenty zarz\u0105dzania ochron\u0105 \u015brodowiska i klimatu na terenach zurbanizowanych.Ju\u017c obecnie ponad po\u0142owa ludzko\u015bci mieszka w miastach i ma ograniczony kontakt z przyrod\u0105. Poniewa\u017c to w\u0142a\u015bnie w coraz bardziej rozrastaj\u0105cych si\u0119 o\u015brodkach miejskich skupia si\u0119 olbrzymi potencja\u0142 spo\u0142eczny, intelektualny, technologiczny oraz ekonomiczny, kardynalnym zadaniem jest wypracowanie nowego modelu rozwoju, <a class=\"read-more\" href=\"https:\/\/pdm2021.uwb.edu.pl\/wordpress\/288-2\/\">READ MORE<\/a><\/p>\n","protected":false},"author":1,"featured_media":0,"parent":0,"menu_order":0,"comment_status":"closed","ping_status":"closed","template":"","meta":{"_monsterinsights_skip_tracking":false,"_monsterinsights_sitenote_active":false,"_monsterinsights_sitenote_note":"","_monsterinsights_sitenote_category":0,"footnotes":""},"class_list":["post-288","page","type-page","status-publish","hentry"],"aioseo_notices":[],"_links":{"self":[{"href":"https:\/\/pdm2021.uwb.edu.pl\/wordpress\/wp-json\/wp\/v2\/pages\/288","targetHints":{"allow":["GET"]}}],"collection":[{"href":"https:\/\/pdm2021.uwb.edu.pl\/wordpress\/wp-json\/wp\/v2\/pages"}],"about":[{"href":"https:\/\/pdm2021.uwb.edu.pl\/wordpress\/wp-json\/wp\/v2\/types\/page"}],"author":[{"embeddable":true,"href":"https:\/\/pdm2021.uwb.edu.pl\/wordpress\/wp-json\/wp\/v2\/users\/1"}],"replies":[{"embeddable":true,"href":"https:\/\/pdm2021.uwb.edu.pl\/wordpress\/wp-json\/wp\/v2\/comments?post=288"}],"version-history":[{"count":10,"href":"https:\/\/pdm2021.uwb.edu.pl\/wordpress\/wp-json\/wp\/v2\/pages\/288\/revisions"}],"predecessor-version":[{"id":574,"href":"https:\/\/pdm2021.uwb.edu.pl\/wordpress\/wp-json\/wp\/v2\/pages\/288\/revisions\/574"}],"wp:attachment":[{"href":"https:\/\/pdm2021.uwb.edu.pl\/wordpress\/wp-json\/wp\/v2\/media?parent=288"}],"curies":[{"name":"wp","href":"https:\/\/api.w.org\/{rel}","templated":true}]}}