{"id":294,"date":"2021-07-22T21:37:55","date_gmt":"2021-07-22T19:37:55","guid":{"rendered":"https:\/\/pdm2021.uwb.edu.pl\/wordpress\/?page_id=294"},"modified":"2021-07-23T10:39:37","modified_gmt":"2021-07-23T08:39:37","slug":"294-2","status":"publish","type":"page","link":"https:\/\/pdm2021.uwb.edu.pl\/wordpress\/294-2\/","title":{"rendered":"PRAWO DO MIASTA AKTOR\u00d3W NIE-LUDZKICH. FAUNA I FLORA MIEJSKA"},"content":{"rendered":"\n<p>Sesja po\u015bwi\u0119cona b\u0119dzie problematyce aktor\u00f3w nie-ludzkich w mie\u015bcie, z uwzgl\u0119dnieniem zamiany konwencjonalnej optyki \u201cprawa do natury\u201d na rzecz\u00a0 \u201cprawa natury\u201d. Sprawa dotyczy relacji mi\u0119dzygatunkowych oraz sytuacji \u017cywych, nie-ludzkich aktor\u00f3w w tkance miasta. Chodzi nie tylko o zagro\u017con\u0105 pozycj\u0119 flory i fauny w ekosystemie, m.in. w zwi\u0105zku z presj\u0105 wywieran\u0105 przez lobby deweloperskie oraz my\u015bliwskie i efektami tak zwanej Lex Szyszko, ale r\u00f3wnie\u017c o relacje mi\u0119dzy\u00a0mieszka\u0144cami miast a \u015bwiatem przyrody. Sesja otwiera mo\u017cliwo\u015bci prezentowania wyst\u0105pie\u0144, kt\u00f3re opisuj\u0105 ulokowanie zwierz\u0105t i ro\u015blin w narracjach zbiorowych oraz indywidualnych, w tym dotycz\u0105cych to\u017csamo\u015bci lokalnych, z odniesieniami do dokument\u00f3w strategicznych i polityk rozwoju. Znakomicie lokowa\u0107 b\u0119d\u0105 si\u0119 w tematyce sesji interpretacje wyrastaj\u0105ce z tradycji ANT (ang.\u00a0<em>actor-network theory<\/em>, tj. teorii aktora-sieci), wraz ze specyficznym dla niej aparatem konceptualnym, w tym poj\u0119ciami\u00a0<em>relacyjno\u015bci<\/em>\u00a0i\u00a0<em>hybrydy<\/em>, ale tak\u017ce propozycje referat\u00f3w lokuj\u0105ce si\u0119 na pograniczu socjologii \u015brodowiskowej, ekologii oraz ekofeminizmu.<\/p>\n","protected":false},"excerpt":{"rendered":"<p>Sesja po\u015bwi\u0119cona b\u0119dzie problematyce aktor\u00f3w nie-ludzkich w mie\u015bcie, z uwzgl\u0119dnieniem zamiany konwencjonalnej optyki \u201cprawa do natury\u201d na rzecz\u00a0 \u201cprawa natury\u201d. Sprawa dotyczy relacji mi\u0119dzygatunkowych oraz sytuacji \u017cywych, nie-ludzkich aktor\u00f3w w tkance miasta. Chodzi nie tylko o zagro\u017con\u0105 pozycj\u0119 flory i fauny w ekosystemie, m.in. w zwi\u0105zku z presj\u0105 wywieran\u0105 przez lobby deweloperskie oraz my\u015bliwskie i <a class=\"read-more\" href=\"https:\/\/pdm2021.uwb.edu.pl\/wordpress\/294-2\/\">READ MORE<\/a><\/p>\n","protected":false},"author":1,"featured_media":0,"parent":0,"menu_order":0,"comment_status":"closed","ping_status":"closed","template":"","meta":{"_monsterinsights_skip_tracking":false,"_monsterinsights_sitenote_active":false,"_monsterinsights_sitenote_note":"","_monsterinsights_sitenote_category":0,"footnotes":""},"class_list":["post-294","page","type-page","status-publish","hentry"],"aioseo_notices":[],"_links":{"self":[{"href":"https:\/\/pdm2021.uwb.edu.pl\/wordpress\/wp-json\/wp\/v2\/pages\/294","targetHints":{"allow":["GET"]}}],"collection":[{"href":"https:\/\/pdm2021.uwb.edu.pl\/wordpress\/wp-json\/wp\/v2\/pages"}],"about":[{"href":"https:\/\/pdm2021.uwb.edu.pl\/wordpress\/wp-json\/wp\/v2\/types\/page"}],"author":[{"embeddable":true,"href":"https:\/\/pdm2021.uwb.edu.pl\/wordpress\/wp-json\/wp\/v2\/users\/1"}],"replies":[{"embeddable":true,"href":"https:\/\/pdm2021.uwb.edu.pl\/wordpress\/wp-json\/wp\/v2\/comments?post=294"}],"version-history":[{"count":2,"href":"https:\/\/pdm2021.uwb.edu.pl\/wordpress\/wp-json\/wp\/v2\/pages\/294\/revisions"}],"predecessor-version":[{"id":296,"href":"https:\/\/pdm2021.uwb.edu.pl\/wordpress\/wp-json\/wp\/v2\/pages\/294\/revisions\/296"}],"wp:attachment":[{"href":"https:\/\/pdm2021.uwb.edu.pl\/wordpress\/wp-json\/wp\/v2\/media?parent=294"}],"curies":[{"name":"wp","href":"https:\/\/api.w.org\/{rel}","templated":true}]}}