{"id":321,"date":"2021-07-23T14:13:24","date_gmt":"2021-07-23T12:13:24","guid":{"rendered":"https:\/\/pdm2021.uwb.edu.pl\/wordpress\/?page_id=321"},"modified":"2021-07-26T23:37:13","modified_gmt":"2021-07-26T21:37:13","slug":"321-2","status":"publish","type":"page","link":"https:\/\/pdm2021.uwb.edu.pl\/wordpress\/321-2\/","title":{"rendered":"MIASTO INTELIGENTNE W \u015aWIETLE WYZWA\u0143 ROZWOJU ZR\u00d3WNOWA\u017bONEGO"},"content":{"rendered":"\t\t<div data-elementor-type=\"wp-page\" data-elementor-id=\"321\" class=\"elementor elementor-321\" data-elementor-settings=\"{&quot;ha_cmc_init_switcher&quot;:&quot;no&quot;}\">\n\t\t\t\t\t\t<section class=\"elementor-section elementor-top-section elementor-element elementor-element-1e53ee53 elementor-section-boxed elementor-section-height-default elementor-section-height-default\" data-id=\"1e53ee53\" data-element_type=\"section\" data-e-type=\"section\" data-settings=\"{&quot;_ha_eqh_enable&quot;:false}\">\n\t\t\t\t\t\t<div class=\"elementor-container elementor-column-gap-default\">\n\t\t\t\t\t<div class=\"elementor-column elementor-col-100 elementor-top-column elementor-element elementor-element-36e70660\" data-id=\"36e70660\" data-element_type=\"column\" data-e-type=\"column\">\n\t\t\t<div class=\"elementor-widget-wrap elementor-element-populated\">\n\t\t\t\t\t\t<div class=\"elementor-element elementor-element-381ad447 elementor-widget elementor-widget-text-editor\" data-id=\"381ad447\" data-element_type=\"widget\" data-e-type=\"widget\" data-widget_type=\"text-editor.default\">\n\t\t\t\t<div class=\"elementor-widget-container\">\n\t\t\t\t\t\t\t\t\t<p><span style=\"color: #ffffff;\"><\/span><\/p>\n<p><span style=\"color: #ffffff;\">Okre\u015blenie<em>\u00a0miasto inteligentne<\/em>\u00a0(ang.\u00a0<em>smart city<\/em>) dotyczy takiego o\u015brodka miejskiego, kt\u00f3re cechuje stosowanie w spos\u00f3b zr\u00f3wnowa\u017cony technologii informacyjno-komunikacyjnych \u2013 zar\u00f3wno w celu zwi\u0119kszenia wydajno\u015bci infrastrukturalnej, m.in. poprzez optymalizacj\u0119 interaktywno\u015bci system\u00f3w, jak i poprawy jako\u015bci \u017cycia oraz dba\u0142o\u015bci o \u015brodowisko. Powinno by\u0107 ono nie tylko miejscem zdrowym, bezpiecznym,\u00a0inkluzywnym, pe\u0142nym energii i wigoru, ale tak\u017ce &#8222;odpornym&#8221; (ang.:\u00a0<em>resilient<\/em>), czyli reaguj\u0105cym w spos\u00f3b elastyczny na wyzwania dotycz\u0105ce \u015brodowiska naturalnego, spo\u0142eczno-ekonomicznego itd.\u00a0 Przyjmuj\u0105c za punkt wyj\u015bcia takie rozumienie miasta inteligentnego oraz jego integralny zwi\u0105zek z postulatem\u00a0 zr\u00f3wnowa\u017conego rozwoju, serdecznie zapraszamy Pa\u0144stwa do zg\u0142aszania referat\u00f3w, kt\u00f3rych tematyka mie\u015bci si\u0119 w nast\u0119puj\u0105cych obszarach badawczych:<\/span><\/p>\n<p><span style=\"color: #ffffff;\"><\/span><\/p>\n<p><span style=\"color: #ffffff;\"><strong>I. Innowacje technologiczne podnosz\u0105ce jako\u015b\u0107 \u015brodowiska i \u017cycia w mie\u015bcie:<\/strong><\/span><br \/><br \/><span style=\"color: #ffffff;\">1.\u00a0 Innowacje technologiczne w obszarze transportu, gospodarki odpadami, budownictwa, administracji publicznej, kultury, edukacji, zdrowia i in., wraz z przyk\u0142adami dobrych praktyk.<\/span><br \/><span style=\"color: #ffffff;\">2.\u00a0 Korzy\u015bci i koszty innowacji technologicznych. Czy polskie miasta sta\u0107 na bycie \u201esmart\u201d? Koszty utrzymania i dalszy rozw\u00f3j produktu &#8222;smart&#8221; a bud\u017cet miasta.<\/span><br \/><span style=\"color: #ffffff;\"><strong><br \/>II. Budowanie spo\u0142eczno\u015bci lokalnej jako wyraz tw\u00f3rczego zaanga\u017cowania mieszka\u0144c\u00f3w w rozw\u00f3j inkluzywno\u015bci oraz odporno\u015bci (ang. <em>resilience<\/em>) miasta:<\/strong><\/span><br \/><br \/><span style=\"color: #ffffff;\">1.\u00a0Ewolucja koncepcji: czy\u00a0<em>smart city<\/em>\u00a0to tylko technologia?<\/span><br \/><span style=\"color: #ffffff;\">2. Smart city 4,0 \u2013 przyk\u0142ady dobrych praktyk<\/span><br \/><br \/><span style=\"color: #ffffff;\"><strong>III.\u00a0Dok\u0105d zmierza miasto? Wyzwania zr\u00f3wnowa\u017conego rozwoju inteligentnych miast w sytuacji pandemicznej oraz postpandemicznej. Nowe problemy, strategie rozwoju, modele\u00a0<em>smart city<\/em>, itp.\u00a0<\/strong><\/span><\/p>\n<p><span style=\"color: #ffffff;\"><\/span><\/p>\t\t\t\t\t\t\t\t<\/div>\n\t\t\t\t<\/div>\n\t\t\t\t\t<\/div>\n\t\t<\/div>\n\t\t\t\t\t<\/div>\n\t\t<\/section>\n\t\t\t\t<\/div>\n\t\t","protected":false},"excerpt":{"rendered":"<p>Okre\u015blenie\u00a0miasto inteligentne\u00a0(ang.\u00a0smart city) dotyczy takiego o\u015brodka miejskiego, kt\u00f3re cechuje stosowanie w spos\u00f3b zr\u00f3wnowa\u017cony technologii informacyjno-komunikacyjnych \u2013 zar\u00f3wno w celu zwi\u0119kszenia wydajno\u015bci infrastrukturalnej, m.in. poprzez optymalizacj\u0119 interaktywno\u015bci system\u00f3w, jak i poprawy jako\u015bci \u017cycia oraz dba\u0142o\u015bci o \u015brodowisko. Powinno by\u0107 ono nie tylko miejscem zdrowym, bezpiecznym,\u00a0inkluzywnym, pe\u0142nym energii i wigoru, ale tak\u017ce &#8222;odpornym&#8221; (ang.:\u00a0resilient), czyli reaguj\u0105cym w <a class=\"read-more\" href=\"https:\/\/pdm2021.uwb.edu.pl\/wordpress\/321-2\/\">READ MORE<\/a><\/p>\n","protected":false},"author":1,"featured_media":0,"parent":0,"menu_order":0,"comment_status":"closed","ping_status":"closed","template":"","meta":{"_monsterinsights_skip_tracking":false,"_monsterinsights_sitenote_active":false,"_monsterinsights_sitenote_note":"","_monsterinsights_sitenote_category":0,"footnotes":""},"class_list":["post-321","page","type-page","status-publish","hentry"],"aioseo_notices":[],"_links":{"self":[{"href":"https:\/\/pdm2021.uwb.edu.pl\/wordpress\/wp-json\/wp\/v2\/pages\/321","targetHints":{"allow":["GET"]}}],"collection":[{"href":"https:\/\/pdm2021.uwb.edu.pl\/wordpress\/wp-json\/wp\/v2\/pages"}],"about":[{"href":"https:\/\/pdm2021.uwb.edu.pl\/wordpress\/wp-json\/wp\/v2\/types\/page"}],"author":[{"embeddable":true,"href":"https:\/\/pdm2021.uwb.edu.pl\/wordpress\/wp-json\/wp\/v2\/users\/1"}],"replies":[{"embeddable":true,"href":"https:\/\/pdm2021.uwb.edu.pl\/wordpress\/wp-json\/wp\/v2\/comments?post=321"}],"version-history":[{"count":11,"href":"https:\/\/pdm2021.uwb.edu.pl\/wordpress\/wp-json\/wp\/v2\/pages\/321\/revisions"}],"predecessor-version":[{"id":720,"href":"https:\/\/pdm2021.uwb.edu.pl\/wordpress\/wp-json\/wp\/v2\/pages\/321\/revisions\/720"}],"wp:attachment":[{"href":"https:\/\/pdm2021.uwb.edu.pl\/wordpress\/wp-json\/wp\/v2\/media?parent=321"}],"curies":[{"name":"wp","href":"https:\/\/api.w.org\/{rel}","templated":true}]}}