{"id":442,"date":"2021-07-24T11:41:58","date_gmt":"2021-07-24T09:41:58","guid":{"rendered":"https:\/\/pdm2021.uwb.edu.pl\/wordpress\/?page_id=442"},"modified":"2021-07-25T00:12:45","modified_gmt":"2021-07-24T22:12:45","slug":"partycypacja-deliberacja-oraz-inne-formy-realizacji-prawa-do-wspolzarzadzania-miastem","status":"publish","type":"page","link":"https:\/\/pdm2021.uwb.edu.pl\/wordpress\/partycypacja-deliberacja-oraz-inne-formy-realizacji-prawa-do-wspolzarzadzania-miastem\/","title":{"rendered":"PARTYCYPACJA, DELIBERACJA ORAZ INNE FORMY REALIZACJI PRAWA DO WSP\u00d3\u0141ZARZ\u0104DZANIA MIASTEM"},"content":{"rendered":"\n<p>Dyskusja nad partycypacyjnymi formami wsp\u00f3\u0142zarz\u0105dzania oraz kondycj\u0105 demokracji przedstawicielskiej dzieli badaczy na zwolennik\u00f3w pluralistycznej sceny politycznej oraz krytyk\u00f3w tego podej\u015bcia. Krytycy twierdz\u0105, \u017ce procedury i instytucje tworzone na rzecz realizacji inkluzywnych praktyk partycypacyjnych jedynie normalizuj\u0105 istniej\u0105ce relacje w\u0142adzy i \u201ewymazuj\u0105\u201d r\u00f3\u017cnorodno\u015b\u0107, pacyfikuj\u0105c alternatywne g\u0142osy poprzez techniki partycypacyjne.<\/p>\n\n\n\n<p>Za <em>panaceum<\/em> na niedostatki tradycyjnych form partycypacji zacz\u0119to uwa\u017ca\u0107 proces deliberacji. Deliberacja jako kolegialna forma podejmowania decyzji zapewnia jednakowe mo\u017cliwo\u015bci przedstawiania w\u0142asnych opinii oraz uzasadniania swych racji wszystkim zaanga\u017cowanym podmiotom oraz wzmacnia legitymizacj\u0119 podj\u0119tych w jej toku decyzji. Krytycy tego podej\u015bcia twierdz\u0105, \u017ce proces deliberacji nie przynosi efektu w postaci upodmiotowienia spo\u0142eczno\u015bci lokalnych. S\u0142u\u017cy on osi\u0105gni\u0119ciu satysfakcjonuj\u0105cego konsensusu dla wszystkich uczestnik\u00f3w procesu jedynie w sytuacji, gdy zachowana jest pomi\u0119dzy nimi wzgl\u0119dna r\u00f3wnowaga si\u0142y politycznej. <\/p>\n\n\n\n<p>Zapraszamy serdecznie Pa\u0144stwa do zg\u0142aszania propozycji referat\u00f3w, w kt\u00f3rych tematyka ta podejmowana b\u0119dzie w \u015bwietle r\u00f3\u017cnych koncepcji teoretycznych, a tak\u017ce zach\u0119camy do prezentowania studi\u00f3w przypadku i praktycznych do\u015bwiadcze\u0144.<\/p>\n","protected":false},"excerpt":{"rendered":"<p>Dyskusja nad partycypacyjnymi formami wsp\u00f3\u0142zarz\u0105dzania oraz kondycj\u0105 demokracji przedstawicielskiej dzieli badaczy na zwolennik\u00f3w pluralistycznej sceny politycznej oraz krytyk\u00f3w tego podej\u015bcia. Krytycy twierdz\u0105, \u017ce procedury i instytucje tworzone na rzecz realizacji inkluzywnych praktyk partycypacyjnych jedynie normalizuj\u0105 istniej\u0105ce relacje w\u0142adzy i \u201ewymazuj\u0105\u201d r\u00f3\u017cnorodno\u015b\u0107, pacyfikuj\u0105c alternatywne g\u0142osy poprzez techniki partycypacyjne. Za panaceum na niedostatki tradycyjnych form partycypacji zacz\u0119to <a class=\"read-more\" href=\"https:\/\/pdm2021.uwb.edu.pl\/wordpress\/partycypacja-deliberacja-oraz-inne-formy-realizacji-prawa-do-wspolzarzadzania-miastem\/\">READ MORE<\/a><\/p>\n","protected":false},"author":1,"featured_media":0,"parent":0,"menu_order":0,"comment_status":"closed","ping_status":"closed","template":"","meta":{"_monsterinsights_skip_tracking":false,"_monsterinsights_sitenote_active":false,"_monsterinsights_sitenote_note":"","_monsterinsights_sitenote_category":0,"footnotes":""},"class_list":["post-442","page","type-page","status-publish","hentry"],"aioseo_notices":[],"_links":{"self":[{"href":"https:\/\/pdm2021.uwb.edu.pl\/wordpress\/wp-json\/wp\/v2\/pages\/442","targetHints":{"allow":["GET"]}}],"collection":[{"href":"https:\/\/pdm2021.uwb.edu.pl\/wordpress\/wp-json\/wp\/v2\/pages"}],"about":[{"href":"https:\/\/pdm2021.uwb.edu.pl\/wordpress\/wp-json\/wp\/v2\/types\/page"}],"author":[{"embeddable":true,"href":"https:\/\/pdm2021.uwb.edu.pl\/wordpress\/wp-json\/wp\/v2\/users\/1"}],"replies":[{"embeddable":true,"href":"https:\/\/pdm2021.uwb.edu.pl\/wordpress\/wp-json\/wp\/v2\/comments?post=442"}],"version-history":[{"count":4,"href":"https:\/\/pdm2021.uwb.edu.pl\/wordpress\/wp-json\/wp\/v2\/pages\/442\/revisions"}],"predecessor-version":[{"id":533,"href":"https:\/\/pdm2021.uwb.edu.pl\/wordpress\/wp-json\/wp\/v2\/pages\/442\/revisions\/533"}],"wp:attachment":[{"href":"https:\/\/pdm2021.uwb.edu.pl\/wordpress\/wp-json\/wp\/v2\/media?parent=442"}],"curies":[{"name":"wp","href":"https:\/\/api.w.org\/{rel}","templated":true}]}}