{"id":77,"date":"2021-07-19T19:29:07","date_gmt":"2021-07-19T17:29:07","guid":{"rendered":"https:\/\/pdm2021.uwb.edu.pl\/wordpress\/?page_id=77"},"modified":"2021-11-26T15:02:39","modified_gmt":"2021-11-26T14:02:39","slug":"wprowadzenie","status":"publish","type":"page","link":"https:\/\/pdm2021.uwb.edu.pl\/wordpress\/wprowadzenie\/","title":{"rendered":"WPROWADZENIE"},"content":{"rendered":"\t\t<div data-elementor-type=\"wp-page\" data-elementor-id=\"77\" class=\"elementor elementor-77\" data-elementor-settings=\"{&quot;ha_cmc_init_switcher&quot;:&quot;no&quot;}\">\n\t\t\t\t\t\t<section class=\"elementor-section elementor-top-section elementor-element elementor-element-65ae8cae elementor-section-boxed elementor-section-height-default elementor-section-height-default\" data-id=\"65ae8cae\" data-element_type=\"section\" data-e-type=\"section\" data-settings=\"{&quot;_ha_eqh_enable&quot;:false}\">\n\t\t\t\t\t\t<div class=\"elementor-container elementor-column-gap-default\">\n\t\t\t\t\t<div class=\"elementor-column elementor-col-100 elementor-top-column elementor-element elementor-element-6496fec5\" data-id=\"6496fec5\" data-element_type=\"column\" data-e-type=\"column\">\n\t\t\t<div class=\"elementor-widget-wrap elementor-element-populated\">\n\t\t\t\t\t\t<div class=\"elementor-element elementor-element-53acdccd elementor-widget elementor-widget-text-editor\" data-id=\"53acdccd\" data-element_type=\"widget\" data-e-type=\"widget\" data-widget_type=\"text-editor.default\">\n\t\t\t\t<div class=\"elementor-widget-container\">\n\t\t\t\t\t\t\t\t\t<p><span style=\"color: #ffffff;\"><\/span><\/p>\n<p><span style=\"color: #ffffff;\">Zak\u0142ad Socjologii Organizacji i Instytucji Instytutu Socjologii Uniwersytetu w Bia\u0142ymstoku wraz z Wydzia\u0142em Socjologii Uniwersytetu im. Adama Mickiewicza w Poznaniu, Wydzia\u0142em Architektury Politechniki Bia\u0142ostockiej oraz Uni\u0105 Metropolii Polskich im. Paw\u0142a Adamowicza serdecznie zapraszaj\u0105 do udzia\u0142u w og\u00f3lnopolskiej, interdyscyplinarnej konferencji pt. PRAWO DO MIASTA. INSTYTUCJE, SYSTEMY, PROCESY (PDM-2021), kt\u00f3ra odb\u0119dzie si\u0119 w formie zdalnej w dniach 06-10 grudnia 2021 roku.<\/span><\/p>\n<p><span style=\"color: #ffffff;\"><\/span><\/p>\n<p><span style=\"color: #ffffff;\">Celem konferencji jest stworzenie forum do dyskusji nad materia\u0142em koncepcyjnym, dorobkiem teoretycznym oraz wynikami bada\u0144, dotycz\u0105cymi funkcjonowania miasta jako <em>przestrzeni do\u015bwiadczanej<\/em> oraz <em>wytwarzanej<\/em> przez aktor\u00f3w spo\u0142ecznych. Stanowi ona przedmiot naszego zainteresowania mi\u0119dzy innymi w nast\u0119puj\u0105cych, ramowo zarysowanych wariantach teoretycznych:<\/span><\/p>\n<p><span style=\"color: #ffffff;\"><\/span><\/p>\n<p><span style=\"color: #ffffff;\">1. jako podlegaj\u0105ca dzia\u0142aniom aktor\u00f3w spo\u0142ecznych (RAT\/RCT), zar\u00f3wno indywidualnych, jak i zbiorowych \u2013 instytucjonalnych oraz pozainstytucjonalnych, w tym wysuwanych przez nich postulat\u00f3w b\u0105d\u017a partykularnych roszcze\u0144 dotycz\u0105cych <em>prawa do miasta<\/em>;<\/span><\/p>\n<p><span style=\"color: #ffffff;\"><\/span><\/p>\n<p><span style=\"color: #ffffff;\">2. jako obszar kszta\u0142towania si\u0119 specyficznych struktur czy system\u00f3w, z uwzgl\u0119dnieniem ich wzajemnych zale\u017cno\u015bci oraz zmian poszczeg\u00f3lnych element\u00f3w, kt\u00f3re przyczyniaj\u0105 si\u0119 do modyfikacji pozosta\u0142ych, a tak\u017ce zwi\u0105zane z nimi mo\u017cliwo\u015bci podtrzymywania <em>pola w\u0142adzy<\/em>, zw\u0142aszcza politycznej oraz ekonomicznej, a zarazem nadawania oraz odbierania uprawnie\u0144 i tworzenia barier dost\u0119pu zwi\u0105zanych z funkcjonowaniem przestrzeni publicznej;<\/span><\/p>\n<p><span style=\"color: #ffffff;\"><\/span><\/p>\n<p><span style=\"color: #ffffff;\">3. jako obszar produkcji kulturowej, z uwzgl\u0119dnieniem rywalizacji dotycz\u0105cej warto\u015bci intelektualnej b\u0105d\u017a artystycznej jej wytwor\u00f3w i <em>legitymizacji<\/em> ich obecno\u015bci w przestrzeni publicznej oraz wp\u0142ywu tych dzia\u0142a\u0144 na funkcjonowanie miasta.<\/span><\/p>\n<p><span style=\"color: #ffffff;\"><\/span><\/p>\n<p><span style=\"color: #ffffff;\">Punktem stycznym dla naszych rozwa\u017ca\u0144 oraz wymiany do\u015bwiadcze\u0144 b\u0119dzie \u201eprawo do miasta\u201d. Przy tym, wykraczamy poza wizj\u0119 owego prawa, kt\u00f3r\u0105 skonstruowa\u0142 w wieku XX francuski socjolog i filozof Henri Lefebvre, wraz z jej ideowym umocowaniem, a r\u00f3wnie\u017c propozycje jego kontynuator\u00f3w i rewizje czynione przez adwersarzy. Raczej ni\u017c kre\u015blenie utopii opartego na niej \u0142adu interesowa\u0107 nas b\u0119dzie ono w rozumieniu socjologicznym lub realizmu prawniczego jako \u201eprawo w dzia\u0142aniu\u201d (<em>law in action<\/em>). Innymi s\u0142owy, obiektem naszych rozwa\u017ca\u0144 b\u0119dzie raczej to, co <em>jest<\/em>, jakie mechanizmy tym rz\u0105dz\u0105 i jakie mo\u017ce poci\u0105ga\u0107 za sob\u0105 konsekwencje dla funkcjonowania miasta, a nie co wed\u0142ug kogo\u015b <em>powinno by\u0107<\/em>.<\/span><\/p>\n<p><span style=\"color: #ffffff;\"><\/span><\/p>\n<p><span style=\"color: #ffffff;\">Skoncentrujemy si\u0119 z jednej strony na analizie <em>stanu rzeczy<\/em> dotycz\u0105cego dzia\u0142ania aktor\u00f3w spo\u0142ecznych, a z drugiej \u2013 na specyfice struktur oraz mechanizm\u00f3w spo\u0142eczno-politycznych, kt\u00f3re reguluj\u0105 zachowanie si\u0119 ludzi oraz funkcjonowanie instytucji. Gdy mowa o drugiej kwestii, b\u0119dziemy pos\u0142ugiwa\u0107 si\u0119 terminem instytucja w szerokim rozumieniu, ze szczeg\u00f3lnym uwzgl\u0119dnieniem sposob\u00f3w jej konceptualizacji proponowanych w obr\u0119bie neoinstytucjonalizmu oraz nowego instytucjonalizmu, zwa\u017cywszy \u017ce zapewniaj\u0105 one potencja\u0142 do analizy obowi\u0105zuj\u0105cych <em>regu\u0142 gry<\/em>, tak zwanych <em>zracjonalizowanych mit\u00f3w<\/em> (Meyer i Rowan), <em>sposob\u00f3w legitymizacji<\/em>, a tak\u017ce bada\u0144 <em>otoczenia instytucjonalnego<\/em>.<\/span><\/p>\n<p><span style=\"color: #ffffff;\"><\/span><\/p>\n<p><span style=\"color: #ffffff;\">Serdecznie zapraszamy do uczestnictwa przedstawicieli socjologii, prawa, architektury i urbanistyki, specjalist\u00f3w z zakresu ochrony \u015brodowiska, technologii komunikacyjno-informacyjnych (TIK), zarz\u0105dzania i administracji, nauk politycznych, antropologii kultury, etnologii, a tak\u017ce badaczy reprezentuj\u0105cych inne dyscypliny, kt\u00f3rych obszar zainteresowa\u0144 mie\u015bci si\u0119 w zakresie przedmiotowym konferencji. Mamy nadziej\u0119, \u017ce PDM-2021 stanie si\u0119 platform\u0105 wymiany wiedzy i do\u015bwiadcze\u0144 oraz sprzyja\u0107 b\u0119dzie nawi\u0105zywaniu przez Pa\u0144stwa kontakt\u00f3w o charakterze interdyscyplinarnym, a tak\u017ce inicjowaniu wsp\u00f3lnych prac badawczo-rozwojowych.<\/span><\/p>\n<p><span style=\"color: #ffffff;\"><\/span><\/p>\n<p><span style=\"color: #ffffff;\">Mo\u017ce te\u017c okaza\u0107 si\u0119 znakomitym impulsem do nawi\u0105zywania wsp\u00f3\u0142pracy przez przedstawicieli \u015bwiata nauki z przedsi\u0119biorstwami bran\u017c, kt\u00f3rych dzia\u0142alno\u015b\u0107 wi\u0105\u017ce si\u0119 z tematyk\u0105 PDM-2021, podmiotami szczebla samorz\u0105dowego i organizacjami pozarz\u0105dowymi. Ponadto, mo\u017ce w spos\u00f3b inspiruj\u0105cy prowadzi\u0107 do rewizji konwencjonalnych sposob\u00f3w my\u015blenia o zarz\u0105dzaniu, a tak\u017ce mobilizowa\u0107 do konstruktywnych zmian w praktyce zarz\u0105dczej.<\/span><\/p>\n<p><span style=\"color: #ffffff;\"><\/span><\/p>\t\t\t\t\t\t\t\t<\/div>\n\t\t\t\t<\/div>\n\t\t\t\t\t<\/div>\n\t\t<\/div>\n\t\t\t\t\t<\/div>\n\t\t<\/section>\n\t\t\t\t<\/div>\n\t\t","protected":false},"excerpt":{"rendered":"<p>Zak\u0142ad Socjologii Organizacji i Instytucji Instytutu Socjologii Uniwersytetu w Bia\u0142ymstoku wraz z Wydzia\u0142em Socjologii Uniwersytetu im. Adama Mickiewicza w Poznaniu, Wydzia\u0142em Architektury Politechniki Bia\u0142ostockiej oraz Uni\u0105 Metropolii Polskich im. Paw\u0142a Adamowicza serdecznie zapraszaj\u0105 do udzia\u0142u w og\u00f3lnopolskiej, interdyscyplinarnej konferencji pt. PRAWO DO MIASTA. INSTYTUCJE, SYSTEMY, PROCESY (PDM-2021), kt\u00f3ra odb\u0119dzie si\u0119 w formie zdalnej w dniach <a class=\"read-more\" href=\"https:\/\/pdm2021.uwb.edu.pl\/wordpress\/wprowadzenie\/\">READ MORE<\/a><\/p>\n","protected":false},"author":1,"featured_media":0,"parent":0,"menu_order":0,"comment_status":"closed","ping_status":"closed","template":"","meta":{"_monsterinsights_skip_tracking":false,"_monsterinsights_sitenote_active":false,"_monsterinsights_sitenote_note":"","_monsterinsights_sitenote_category":0,"footnotes":""},"class_list":["post-77","page","type-page","status-publish","hentry"],"aioseo_notices":[],"_links":{"self":[{"href":"https:\/\/pdm2021.uwb.edu.pl\/wordpress\/wp-json\/wp\/v2\/pages\/77","targetHints":{"allow":["GET"]}}],"collection":[{"href":"https:\/\/pdm2021.uwb.edu.pl\/wordpress\/wp-json\/wp\/v2\/pages"}],"about":[{"href":"https:\/\/pdm2021.uwb.edu.pl\/wordpress\/wp-json\/wp\/v2\/types\/page"}],"author":[{"embeddable":true,"href":"https:\/\/pdm2021.uwb.edu.pl\/wordpress\/wp-json\/wp\/v2\/users\/1"}],"replies":[{"embeddable":true,"href":"https:\/\/pdm2021.uwb.edu.pl\/wordpress\/wp-json\/wp\/v2\/comments?post=77"}],"version-history":[{"count":47,"href":"https:\/\/pdm2021.uwb.edu.pl\/wordpress\/wp-json\/wp\/v2\/pages\/77\/revisions"}],"predecessor-version":[{"id":3239,"href":"https:\/\/pdm2021.uwb.edu.pl\/wordpress\/wp-json\/wp\/v2\/pages\/77\/revisions\/3239"}],"wp:attachment":[{"href":"https:\/\/pdm2021.uwb.edu.pl\/wordpress\/wp-json\/wp\/v2\/media?parent=77"}],"curies":[{"name":"wp","href":"https:\/\/api.w.org\/{rel}","templated":true}]}}