{"id":79,"date":"2021-07-19T19:29:43","date_gmt":"2021-07-19T17:29:43","guid":{"rendered":"https:\/\/pdm2021.uwb.edu.pl\/wordpress\/?page_id=79"},"modified":"2021-09-01T02:40:16","modified_gmt":"2021-09-01T00:40:16","slug":"prawo-do-miasta-rozumienie-terminu","status":"publish","type":"page","link":"https:\/\/pdm2021.uwb.edu.pl\/wordpress\/prawo-do-miasta-rozumienie-terminu\/","title":{"rendered":"PRAWO DO MIASTA. ROZUMIENIE TERMINU"},"content":{"rendered":"\t\t<div data-elementor-type=\"wp-page\" data-elementor-id=\"79\" class=\"elementor elementor-79\" data-elementor-settings=\"{&quot;ha_cmc_init_switcher&quot;:&quot;no&quot;}\">\n\t\t\t\t\t\t<section class=\"elementor-section elementor-top-section elementor-element elementor-element-22414bc3 elementor-section-boxed elementor-section-height-default elementor-section-height-default\" data-id=\"22414bc3\" data-element_type=\"section\" data-e-type=\"section\" data-settings=\"{&quot;_ha_eqh_enable&quot;:false}\">\n\t\t\t\t\t\t<div class=\"elementor-container elementor-column-gap-default\">\n\t\t\t\t\t<div class=\"elementor-column elementor-col-100 elementor-top-column elementor-element elementor-element-6b3b7754\" data-id=\"6b3b7754\" data-element_type=\"column\" data-e-type=\"column\">\n\t\t\t<div class=\"elementor-widget-wrap elementor-element-populated\">\n\t\t\t\t\t\t<div class=\"elementor-element elementor-element-4ed0720f elementor-widget elementor-widget-text-editor\" data-id=\"4ed0720f\" data-element_type=\"widget\" data-e-type=\"widget\" data-widget_type=\"text-editor.default\">\n\t\t\t\t<div class=\"elementor-widget-container\">\n\t\t\t\t\t\t\t\t\t<p><span style=\"color: #ffffff;\"><\/span><\/p>\n<p><span style=\"color: #ffffff;\">Prawo do miasta stanowi publiczne prawo podmiotowe i w taki spos\u00f3b rozumiane b\u0119dzie na u\u017cytek organizowanej przez nas konferencji pod tytu\u0142em \u201ePRAWO DO MIASTA. INSTYTUCJE, SYSTEMY, PROCESY\u201d (PDM-2021). Interesowa\u0107 nas b\u0119dzie ono po <em>pierwsze<\/em> w prze\u0142o\u017ceniu na dyskusj\u0119 prawn\u0105 oraz prawnicz\u0105, mieszcz\u0105c\u0105 si\u0119 w nurcie realizmu prawniczego, tj. \u201eprawa w dzia\u0142aniu&#8221; (ang.<em> law in action<\/em>), w tym w odniesieniu do poszczeg\u00f3lnych przepis\u00f3w prawa, ich nowelizacji oraz kierunku zmian, mi\u0119dzy innymi \u2013 ale nie tylko \u2013 w kontek\u015bcie pandemii COVID-19, kt\u00f3ra znacz\u0105co wp\u0142ywa na spos\u00f3b funkcjonowania o\u015brodk\u00f3w miejskich.<\/span><\/p>\n<p><span style=\"color: #ffffff;\"><\/span><\/p>\n<p><span style=\"color: #ffffff;\"><em>Po drugie<\/em>, przedmiotem rozwa\u017ca\u0144 b\u0119d\u0105 realia spo\u0142eczno-polityczne oraz roszczenia podmiot\u00f3w indywidualnych i zbiorowych, jak i spory prowadzone mi\u0119dzy nimi, kt\u00f3re lokuj\u0105 si\u0119 w szerokim kontek\u015bcie \u201emiejsko\u015bci\u201d. Chodzi mi\u0119dzy innymi o wzorce formalnego oraz nieformalnego w\u0142adania, tworzenie si\u0119 grup interesu, procesy ich instytucjonalizacji oraz spory o korzystanie z przestrzeni miasta i jego zasob\u00f3w, a tak\u017ce rzeczow\u0105 i wywa\u017con\u0105 analiz\u0119 zwi\u0105zanej z tym atmosfery intelektualnej oraz moralnej \u2013 co wa\u017cne, z zachowaniem postulatu dba\u0142o\u015bci o bezstronno\u015b\u0107 ideow\u0105. Rzecz dotyczy w szczeg\u00f3lno\u015bci kontrastu mi\u0119dzy rzeczywisto\u015bci\u0105 spo\u0142eczno-polityczn\u0105 a wyobra\u017ceniami na temat sprawiedliwego u\u017cytkowania miasta, podpartego idea\u0142ami demokracji, r\u00f3wno\u015bci, zr\u00f3wnowa\u017conego rozwoju itd.<\/span><\/p>\n<p><span style=\"color: #ffffff;\"><\/span><\/p>\n<p><span style=\"color: #ffffff;\"><em>Po trzecie<\/em>, obiektem naszego zainteresowania s\u0105 zagadnienia mieszcz\u0105ce si\u0119 w zakresie przedmiotowym dyscyplin, kt\u00f3re przek\u0142adaj\u0105 si\u0119 na mo\u017cliwo\u015b\u0107 realizacji tak rozumianego prawa do miasta, w tym architektury i urbanistyki, ochrony \u015brodowiska, geografii i gospodarki przestrzennej oraz zarz\u0105dzania publicznego. Sprawa dotyczy mi\u0119dzy innymi czynnik\u00f3w zr\u00f3wnowa\u017conego rozwoju, kreowania inteligentnej (ang. <em>smart<\/em>) i odpornej (ang. <em>resilient<\/em>) struktury przestrzennej oraz tkanki miejskiej. Interesuj\u0105 nas zar\u00f3wno nowatorskie rozwi\u0105zania, jakich dostarczaj\u0105 technologie komunikacyjno-informacyjne (TIK), jak i instrumenty planistyczne oraz urbanistyczne, takie jak \u2013 aby poda\u0107 cho\u0107 jeden przyk\u0142ad \u2013 <em>zielone pier\u015bcienie miast<\/em>, kt\u00f3re spe\u0142niaj\u0105 funkcje \u017cywicielskie, \u015brodowiskotw\u00f3rcze, ekologiczne i rekreacyjne na u\u017cytek mieszka\u0144c\u00f3w oraz odwiedzaj\u0105cych. Realizacji idea\u0142\u00f3w prawa do miasta sprzyjaj\u0105 te\u017c nowoczesne metody <em>zarz\u0105dzania hybrydowego<\/em>, zw\u0142aszcza dzi\u0119ki instrumentom takim jak <em>crowdsourcing<\/em>, kt\u00f3re harmonizuj\u0105 z dzisiejszymi realiami spo\u0142ecznymi. Nie tylko pozwalaj\u0105 one budowa\u0107 arterie do wyra\u017cania oddolnych roszcze\u0144, ale u\u0142atwiaj\u0105 stosowanie partycypacyjnych oraz deliberacyjnych rozwi\u0105za\u0144 podczas proces\u00f3w decyzyjnych.<\/span><\/p>\n<p><span style=\"color: #ffffff;\"><\/span><\/p>\n<p><\/p>\n<p><span style=\"color: #ffffff;\"><\/span><\/p>\t\t\t\t\t\t\t\t<\/div>\n\t\t\t\t<\/div>\n\t\t\t\t\t<\/div>\n\t\t<\/div>\n\t\t\t\t\t<\/div>\n\t\t<\/section>\n\t\t\t\t<\/div>\n\t\t","protected":false},"excerpt":{"rendered":"<p>Prawo do miasta stanowi publiczne prawo podmiotowe i w taki spos\u00f3b rozumiane b\u0119dzie na u\u017cytek organizowanej przez nas konferencji pod tytu\u0142em \u201ePRAWO DO MIASTA. INSTYTUCJE, SYSTEMY, PROCESY\u201d (PDM-2021). Interesowa\u0107 nas b\u0119dzie ono po pierwsze w prze\u0142o\u017ceniu na dyskusj\u0119 prawn\u0105 oraz prawnicz\u0105, mieszcz\u0105c\u0105 si\u0119 w nurcie realizmu prawniczego, tj. \u201eprawa w dzia\u0142aniu&#8221; (ang. law in action), <a class=\"read-more\" href=\"https:\/\/pdm2021.uwb.edu.pl\/wordpress\/prawo-do-miasta-rozumienie-terminu\/\">READ MORE<\/a><\/p>\n","protected":false},"author":1,"featured_media":0,"parent":0,"menu_order":0,"comment_status":"closed","ping_status":"closed","template":"","meta":{"_monsterinsights_skip_tracking":false,"_monsterinsights_sitenote_active":false,"_monsterinsights_sitenote_note":"","_monsterinsights_sitenote_category":0,"footnotes":""},"class_list":["post-79","page","type-page","status-publish","hentry"],"aioseo_notices":[],"_links":{"self":[{"href":"https:\/\/pdm2021.uwb.edu.pl\/wordpress\/wp-json\/wp\/v2\/pages\/79","targetHints":{"allow":["GET"]}}],"collection":[{"href":"https:\/\/pdm2021.uwb.edu.pl\/wordpress\/wp-json\/wp\/v2\/pages"}],"about":[{"href":"https:\/\/pdm2021.uwb.edu.pl\/wordpress\/wp-json\/wp\/v2\/types\/page"}],"author":[{"embeddable":true,"href":"https:\/\/pdm2021.uwb.edu.pl\/wordpress\/wp-json\/wp\/v2\/users\/1"}],"replies":[{"embeddable":true,"href":"https:\/\/pdm2021.uwb.edu.pl\/wordpress\/wp-json\/wp\/v2\/comments?post=79"}],"version-history":[{"count":35,"href":"https:\/\/pdm2021.uwb.edu.pl\/wordpress\/wp-json\/wp\/v2\/pages\/79\/revisions"}],"predecessor-version":[{"id":1998,"href":"https:\/\/pdm2021.uwb.edu.pl\/wordpress\/wp-json\/wp\/v2\/pages\/79\/revisions\/1998"}],"wp:attachment":[{"href":"https:\/\/pdm2021.uwb.edu.pl\/wordpress\/wp-json\/wp\/v2\/media?parent=79"}],"curies":[{"name":"wp","href":"https:\/\/api.w.org\/{rel}","templated":true}]}}