{"id":814,"date":"2021-07-30T09:56:06","date_gmt":"2021-07-30T07:56:06","guid":{"rendered":"https:\/\/pdm2021.uwb.edu.pl\/wordpress\/?page_id=814"},"modified":"2021-10-18T08:49:22","modified_gmt":"2021-10-18T06:49:22","slug":"czasopisma-wspolpracujace","status":"publish","type":"page","link":"https:\/\/pdm2021.uwb.edu.pl\/wordpress\/czasopisma-wspolpracujace\/","title":{"rendered":"CZASOPISMA WSP\u00d3\u0141PRACUJ\u0104CE"},"content":{"rendered":"\t\t<div data-elementor-type=\"wp-post\" data-elementor-id=\"814\" class=\"elementor elementor-814\" data-elementor-settings=\"{&quot;ha_cmc_init_switcher&quot;:&quot;no&quot;}\">\n\t\t\t\t\t\t<section class=\"elementor-section elementor-top-section elementor-element elementor-element-b7c403d elementor-section-boxed elementor-section-height-default elementor-section-height-default\" data-id=\"b7c403d\" data-element_type=\"section\" data-e-type=\"section\" data-settings=\"{&quot;_ha_eqh_enable&quot;:false}\">\n\t\t\t\t\t\t<div class=\"elementor-container elementor-column-gap-default\">\n\t\t\t\t\t<div class=\"elementor-column elementor-col-100 elementor-top-column elementor-element elementor-element-6689787\" data-id=\"6689787\" data-element_type=\"column\" data-e-type=\"column\">\n\t\t\t<div class=\"elementor-widget-wrap elementor-element-populated\">\n\t\t\t\t\t\t<div class=\"elementor-element elementor-element-95e2197 elementor-widget elementor-widget-text-editor\" data-id=\"95e2197\" data-element_type=\"widget\" data-e-type=\"widget\" data-widget_type=\"text-editor.default\">\n\t\t\t\t<div class=\"elementor-widget-container\">\n\t\t\t\t\t\t\t\t\t<div class=\"elementor-element elementor-element-cd1950b elementor-widget elementor-widget-text-editor\" data-id=\"cd1950b\" data-element_type=\"widget\" data-widget_type=\"text-editor.default\"><div class=\"elementor-widget-container\"><p>1.<em>Architecturae et Artibus<\/em><strong>, <\/strong>ISSN 2080-9638, e-ISSN 2719-793X<strong>, <\/strong>20 pkt., czasopismo indeksowane w bazach Index Copernicus\u00a0(ICV 2017 = 63.04, ICV 2018 = 67.07,\u00a0ICV 2019 = 73.32),\u00a0BazTech,\u00a0PBN\/POL-Index,\u00a0EuroPub,\u00a0ERIH PLUS, link do strony: <a href=\"http:\/\/aeawa.pb.edu.pl\/\" data-saferedirecturl=\"https:\/\/zasobygwp.pl\/redirect?sig=b2e437dacb1c8675ac33eaf73807312108ca7a94f0415053c831689aab5e4f63&amp;url=aHR0cDovL2FlYXdhLnBiLmVkdS5wbC8=&amp;platform=desktop&amp;brand=o2\">http:\/\/aeawa.pb.edu.pl\/<\/a><\/p><p><em>2. Builder<\/em>, ISSN 1896-0642, 20 pkt., artyku\u0142y dost\u0119pne w\u00a0ramach open access journals, czasopismo indeksowane w\u00a0bazach danych o\u00a0zawarto\u015bci polskich czasopism technicznych: Index Copernicus i\u00a0BazTech, link do\u00a0strony: <a href=\"https:\/\/builderscience.pl\/resources\/html\/cms\/MAINPAGE\" target=\"_blank\" rel=\"noopener\">https:\/\/builderscience.pl\/resources\/html\/cms\/MAINPAGE<\/a><\/p><p>3. <em>Ekonomia i \u015arodowisko \u2013 Economics and Environment,<\/em> ISSN 0867-8898, e-ISSN: 2300-6420, 40 pkt., czasopismo indeksowane w bazach: SCOPUS, Master Journal List \u2013 Emerging Sources Citation Index, Agro, BazEkon, BazTech, Index Copernicus, EHIR PLUS, EBSCO host, link do strony:<a href=\"https:\/\/ekonomiaisrodowisko.pl\" target=\"_blank\" rel=\"noopener\"> https:\/\/ekonomiaisrodowisko.pl<\/a><\/p><p>4. <em>Orzecznictwo w Sprawach Samorz\u0105dowych<\/em>, ISSN 1232-7107, 20 pkt., czasopismo indeksowane w bazie ERIH Plus, link do strony: <a href=\"https:\/\/www.wolterskluwer.com\/pl-pl\/solutions\/czasopisma\/orzecznictwo-w-sprawach-samorzadowych\" target=\"_blank\" rel=\"noopener\">https:\/\/www.wolterskluwer.com\/pl-pl\/solutions\/czasopisma\/orzecznictwo-w-sprawach-samorzadowych<\/a><\/p><p>5.<em> Przegl\u0105d Socjologiczny<\/em>, ISSN 0033-2356, e-ISSN 2450-9361, 40 pkt., czasopismo indeksowane w bazach: BazHum, CEEOL, CEJSH, CrossRef (DOI), EBSCOhost, ERIH Plus, Google Scholar, Index Copernicus (ICV: 2019 \u2013 96.77; 2018 \u2013 92.25; 2017 \u2013 91,10), PBN\/POL-Index, link do strony: <a href=\"http:\/\/czasopisma.ltn.lodz.pl\/Przeglad-Socjologiczny\" target=\"_blank\" rel=\"noopener\">http:\/\/czasopisma.ltn.lodz.pl\/Przeglad-Socjologiczny<\/a><\/p><p>6. <em>Samorz\u0105d Terytorialny,<\/em> ISSN 0867-4973, 20 pkt., czasopismo indeksowane w bazie ERIH Plus, link do strony:<a href=\"https:\/\/www.wolterskluwer.com\/pl-pl\/solutions\/czasopisma\/samorzad-terytorialny\" target=\"_blank\" rel=\"noopener\"> https:\/\/www.wolterskluwer.com\/pl-pl\/solutions\/czasopisma\/samorzad-terytorialny<\/a><\/p><p>7. <em>\u015arodowisko Mieszkaniowe<\/em>, ISSN 1731-2442, e-ISSN 2543-8700, 20 pkt, czasopismo indeksowane w\u00a0bazach danych: BazTech, BazHum, CEJSH, Index Copernicus Journals Master List, Portal Czasopism Naukowych Uniwersytetu Jagiello\u0144skiego, link do\u00a0strony: <a href=\"http:\/\/kksm.arch.pk.edu.pl\/housingenvironment\/index.html\" target=\"_blank\" rel=\"noopener\">http:\/\/kksm.arch.pk.edu.pl\/housingenvironment\/index.html<\/a><\/p><\/div><\/div>\t\t\t\t\t\t\t\t<\/div>\n\t\t\t\t<\/div>\n\t\t\t\t\t<\/div>\n\t\t<\/div>\n\t\t\t\t\t<\/div>\n\t\t<\/section>\n\t\t\t\t<\/div>\n\t\t","protected":false},"excerpt":{"rendered":"<p>1.Architecturae et Artibus, ISSN 2080-9638, e-ISSN 2719-793X, 20 pkt., czasopismo indeksowane w bazach Index Copernicus\u00a0(ICV 2017 = 63.04, ICV 2018 = 67.07,\u00a0ICV 2019 = 73.32),\u00a0BazTech,\u00a0PBN\/POL-Index,\u00a0EuroPub,\u00a0ERIH PLUS, link do strony: http:\/\/aeawa.pb.edu.pl\/ 2. Builder, ISSN 1896-0642, 20 pkt., artyku\u0142y dost\u0119pne w\u00a0ramach open access journals, czasopismo indeksowane w\u00a0bazach danych o\u00a0zawarto\u015bci polskich czasopism technicznych: Index Copernicus i\u00a0BazTech, link do\u00a0strony: <a class=\"read-more\" href=\"https:\/\/pdm2021.uwb.edu.pl\/wordpress\/czasopisma-wspolpracujace\/\">READ MORE<\/a><\/p>\n","protected":false},"author":1,"featured_media":0,"parent":0,"menu_order":0,"comment_status":"closed","ping_status":"closed","template":"","meta":{"_monsterinsights_skip_tracking":false,"_monsterinsights_sitenote_active":false,"_monsterinsights_sitenote_note":"","_monsterinsights_sitenote_category":0,"footnotes":""},"class_list":["post-814","page","type-page","status-publish","hentry"],"aioseo_notices":[],"_links":{"self":[{"href":"https:\/\/pdm2021.uwb.edu.pl\/wordpress\/wp-json\/wp\/v2\/pages\/814","targetHints":{"allow":["GET"]}}],"collection":[{"href":"https:\/\/pdm2021.uwb.edu.pl\/wordpress\/wp-json\/wp\/v2\/pages"}],"about":[{"href":"https:\/\/pdm2021.uwb.edu.pl\/wordpress\/wp-json\/wp\/v2\/types\/page"}],"author":[{"embeddable":true,"href":"https:\/\/pdm2021.uwb.edu.pl\/wordpress\/wp-json\/wp\/v2\/users\/1"}],"replies":[{"embeddable":true,"href":"https:\/\/pdm2021.uwb.edu.pl\/wordpress\/wp-json\/wp\/v2\/comments?post=814"}],"version-history":[{"count":110,"href":"https:\/\/pdm2021.uwb.edu.pl\/wordpress\/wp-json\/wp\/v2\/pages\/814\/revisions"}],"predecessor-version":[{"id":3146,"href":"https:\/\/pdm2021.uwb.edu.pl\/wordpress\/wp-json\/wp\/v2\/pages\/814\/revisions\/3146"}],"wp:attachment":[{"href":"https:\/\/pdm2021.uwb.edu.pl\/wordpress\/wp-json\/wp\/v2\/media?parent=814"}],"curies":[{"name":"wp","href":"https:\/\/api.w.org\/{rel}","templated":true}]}}