{"id":818,"date":"2021-07-30T11:36:22","date_gmt":"2021-07-30T09:36:22","guid":{"rendered":"https:\/\/pdm2021.uwb.edu.pl\/wordpress\/?page_id=818"},"modified":"2021-08-03T01:05:34","modified_gmt":"2021-08-02T23:05:34","slug":"818-2","status":"publish","type":"page","link":"https:\/\/pdm2021.uwb.edu.pl\/wordpress\/818-2\/","title":{"rendered":"POLITYKA PUBLIKACYJNA"},"content":{"rendered":"\t\t<div data-elementor-type=\"wp-page\" data-elementor-id=\"818\" class=\"elementor elementor-818\" data-elementor-settings=\"{&quot;ha_cmc_init_switcher&quot;:&quot;no&quot;}\">\n\t\t\t\t\t\t<section class=\"elementor-section elementor-top-section elementor-element elementor-element-b824d62 elementor-section-boxed elementor-section-height-default elementor-section-height-default\" data-id=\"b824d62\" data-element_type=\"section\" data-e-type=\"section\" data-settings=\"{&quot;_ha_eqh_enable&quot;:false}\">\n\t\t\t\t\t\t<div class=\"elementor-container elementor-column-gap-default\">\n\t\t\t\t\t<div class=\"elementor-column elementor-col-100 elementor-top-column elementor-element elementor-element-327515d\" data-id=\"327515d\" data-element_type=\"column\" data-e-type=\"column\">\n\t\t\t<div class=\"elementor-widget-wrap elementor-element-populated\">\n\t\t\t\t\t\t<div class=\"elementor-element elementor-element-ef360c2 elementor-widget elementor-widget-text-editor\" data-id=\"ef360c2\" data-element_type=\"widget\" data-e-type=\"widget\" data-widget_type=\"text-editor.default\">\n\t\t\t\t<div class=\"elementor-widget-container\">\n\t\t\t\t\t\t\t\t\t<p>Umieszczenie identyfikacji wizualnej czasopism na stronie PDM-2021 jest to\u017csame z sugesti\u0105 dla referent\u00f3w, aby rozwa\u017cyli je jako miejsce zg\u0142aszania swoich tekst\u00f3w do recenzji, a w \u017cadnym razie nie stanowi promesy publikacyjnej.<\/p>\n<p>Wyg\u0142oszenie referatu podczas konferencji, otrzymanie krytycznych uwag oraz dyskusja zapewni\u0105 szans\u0119 na polepszenie jako\u015bci merytorycznej materia\u0142u, kt\u00f3ry przedstawiony mo\u017ce by\u0107 w postaci tekstu do recenzji.<\/p>\t\t\t\t\t\t\t\t<\/div>\n\t\t\t\t<\/div>\n\t\t\t\t\t<\/div>\n\t\t<\/div>\n\t\t\t\t\t<\/div>\n\t\t<\/section>\n\t\t\t\t<\/div>\n\t\t","protected":false},"excerpt":{"rendered":"<p>Umieszczenie identyfikacji wizualnej czasopism na stronie PDM-2021 jest to\u017csame z sugesti\u0105 dla referent\u00f3w, aby rozwa\u017cyli je jako miejsce zg\u0142aszania swoich tekst\u00f3w do recenzji, a w \u017cadnym razie nie stanowi promesy publikacyjnej. Wyg\u0142oszenie referatu podczas konferencji, otrzymanie krytycznych uwag oraz dyskusja zapewni\u0105 szans\u0119 na polepszenie jako\u015bci merytorycznej materia\u0142u, kt\u00f3ry przedstawiony mo\u017ce by\u0107 w postaci tekstu do <a class=\"read-more\" href=\"https:\/\/pdm2021.uwb.edu.pl\/wordpress\/818-2\/\">READ MORE<\/a><\/p>\n","protected":false},"author":2,"featured_media":0,"parent":0,"menu_order":0,"comment_status":"closed","ping_status":"closed","template":"","meta":{"_monsterinsights_skip_tracking":false,"_monsterinsights_sitenote_active":false,"_monsterinsights_sitenote_note":"","_monsterinsights_sitenote_category":0,"footnotes":""},"class_list":["post-818","page","type-page","status-publish","hentry"],"aioseo_notices":[],"_links":{"self":[{"href":"https:\/\/pdm2021.uwb.edu.pl\/wordpress\/wp-json\/wp\/v2\/pages\/818","targetHints":{"allow":["GET"]}}],"collection":[{"href":"https:\/\/pdm2021.uwb.edu.pl\/wordpress\/wp-json\/wp\/v2\/pages"}],"about":[{"href":"https:\/\/pdm2021.uwb.edu.pl\/wordpress\/wp-json\/wp\/v2\/types\/page"}],"author":[{"embeddable":true,"href":"https:\/\/pdm2021.uwb.edu.pl\/wordpress\/wp-json\/wp\/v2\/users\/2"}],"replies":[{"embeddable":true,"href":"https:\/\/pdm2021.uwb.edu.pl\/wordpress\/wp-json\/wp\/v2\/comments?post=818"}],"version-history":[{"count":24,"href":"https:\/\/pdm2021.uwb.edu.pl\/wordpress\/wp-json\/wp\/v2\/pages\/818\/revisions"}],"predecessor-version":[{"id":873,"href":"https:\/\/pdm2021.uwb.edu.pl\/wordpress\/wp-json\/wp\/v2\/pages\/818\/revisions\/873"}],"wp:attachment":[{"href":"https:\/\/pdm2021.uwb.edu.pl\/wordpress\/wp-json\/wp\/v2\/media?parent=818"}],"curies":[{"name":"wp","href":"https:\/\/api.w.org\/{rel}","templated":true}]}}