{"id":83,"date":"2021-07-19T19:30:38","date_gmt":"2021-07-19T17:30:38","guid":{"rendered":"https:\/\/pdm2021.uwb.edu.pl\/wordpress\/?page_id=83"},"modified":"2021-10-23T23:19:14","modified_gmt":"2021-10-23T21:19:14","slug":"komitet-organizacyjny","status":"publish","type":"page","link":"https:\/\/pdm2021.uwb.edu.pl\/wordpress\/komitet-organizacyjny\/","title":{"rendered":"KOMITET ORGANIZACYJNY"},"content":{"rendered":"\t\t<div data-elementor-type=\"wp-page\" data-elementor-id=\"83\" class=\"elementor elementor-83\" data-elementor-settings=\"{&quot;ha_cmc_init_switcher&quot;:&quot;no&quot;}\">\n\t\t\t\t\t\t<section class=\"elementor-section elementor-top-section elementor-element elementor-element-67a289e7 elementor-section-boxed elementor-section-height-default elementor-section-height-default\" data-id=\"67a289e7\" data-element_type=\"section\" data-e-type=\"section\" data-settings=\"{&quot;_ha_eqh_enable&quot;:false}\">\n\t\t\t\t\t\t<div class=\"elementor-container elementor-column-gap-default\">\n\t\t\t\t\t<div class=\"elementor-column elementor-col-100 elementor-top-column elementor-element elementor-element-3fb52f1b\" data-id=\"3fb52f1b\" data-element_type=\"column\" data-e-type=\"column\">\n\t\t\t<div class=\"elementor-widget-wrap elementor-element-populated\">\n\t\t\t\t\t\t<div class=\"elementor-element elementor-element-5942cd5b elementor-widget elementor-widget-text-editor\" data-id=\"5942cd5b\" data-element_type=\"widget\" data-e-type=\"widget\" data-widget_type=\"text-editor.default\">\n\t\t\t\t<div class=\"elementor-widget-container\">\n\t\t\t\t\t\t\t\t\t<p><\/p>\n<p><\/p>\n<p><\/p>\n<p><span style=\"color: #ffffff;\">PRZEWODNICZ\u0104CA KOMITETU ORGANIZACYJNEGO:<\/span><\/p>\n<p><span style=\"color: #ffffff;\"><\/span><\/p>\n<p><span style=\"color: #ffffff;\"><\/span><\/p>\n<p><span style=\"color: #ffffff;\">dr hab. Maja Biernacka<\/span><\/p>\n<p>\u00a0<\/p>\n<p><span style=\"color: #ffffff;\"><\/span><\/p>\n<p><span style=\"color: #ffffff;\"><\/span><\/p>\n<p><span style=\"color: #ffffff;\">CZ\u0141ONKOWIE KOMITETU ORGANIZACYJNEGO:<\/span><\/p>\n<p><span style=\"color: #ffffff;\"><\/span><\/p>\n<p><span style=\"color: #ffffff;\"><\/span><\/p>\n<p><span style=\"color: #ffffff;\">dr Iwona Kulesza-Woroniecka (Sekretarz) &#8211; obowi\u0105zki przejmuje Przewodnicz\u0105ca dr hab. Maja Biernacka<\/span><\/p>\n<p><span style=\"color: #ffffff;\"><\/span><\/p>\n<p><span style=\"color: #ffffff;\"><\/span><\/p>\n<p><span style=\"color: #ffffff;\">mgr Grzegorz Zawadzki<\/span><\/p>\n<p>\u00a0<\/p>\n<p><span style=\"color: #ffffff;\"><\/span><\/p>\n<p><span style=\"color: #ffffff;\"><\/span><\/p>\n<p><span style=\"color: #ffffff;\"><\/span><\/p>\n<p><span style=\"color: #ffffff;\"><\/span><\/p>\n<p><span style=\"color: #ffffff;\">PRYNCYPIA ORGANIZACYJNE:<\/span><\/p>\n<p>\u00a0<\/p>\n<p><span style=\"color: #ffffff;\"><\/span><\/p>\n<p><span style=\"color: #ffffff;\"><\/span><\/p>\n<ul class=\"wp-block-list\">\n<li><span style=\"color: #ffffff;\">Unikamy przerost\u00f3w biurokratycznych i zwi\u0105zanych z nimi dysfunkcji.<\/span><\/li>\n<\/ul>\n<div>\u00a0<\/div>\n<ul>\n<li><span style=\"color: #ffffff;\">Nie akceptujemy \u201eniewidzialnej pracy\u201d. Na stronie widnieje imi\u0119 i nazwisko ka\u017cdej osoby, kt\u00f3ra wnios\u0142a wk\u0142ad organizacyjny lub merytoryczny.<\/span><\/li>\n<\/ul>\n<p><\/p>\n<p><\/p>\n<p><\/p>\t\t\t\t\t\t\t\t<\/div>\n\t\t\t\t<\/div>\n\t\t\t\t\t<\/div>\n\t\t<\/div>\n\t\t\t\t\t<\/div>\n\t\t<\/section>\n\t\t\t\t<\/div>\n\t\t","protected":false},"excerpt":{"rendered":"<p>PRZEWODNICZ\u0104CA KOMITETU ORGANIZACYJNEGO: dr hab. Maja Biernacka \u00a0 CZ\u0141ONKOWIE KOMITETU ORGANIZACYJNEGO: dr Iwona Kulesza-Woroniecka (Sekretarz) &#8211; obowi\u0105zki przejmuje Przewodnicz\u0105ca dr hab. Maja Biernacka mgr Grzegorz Zawadzki \u00a0 PRYNCYPIA ORGANIZACYJNE: \u00a0 Unikamy przerost\u00f3w biurokratycznych i zwi\u0105zanych z nimi dysfunkcji. \u00a0 Nie akceptujemy \u201eniewidzialnej pracy\u201d. Na stronie widnieje imi\u0119 i nazwisko ka\u017cdej osoby, kt\u00f3ra wnios\u0142a wk\u0142ad organizacyjny <a class=\"read-more\" href=\"https:\/\/pdm2021.uwb.edu.pl\/wordpress\/komitet-organizacyjny\/\">READ MORE<\/a><\/p>\n","protected":false},"author":1,"featured_media":0,"parent":0,"menu_order":0,"comment_status":"closed","ping_status":"closed","template":"","meta":{"_monsterinsights_skip_tracking":false,"_monsterinsights_sitenote_active":false,"_monsterinsights_sitenote_note":"","_monsterinsights_sitenote_category":0,"footnotes":""},"class_list":["post-83","page","type-page","status-publish","hentry"],"aioseo_notices":[],"_links":{"self":[{"href":"https:\/\/pdm2021.uwb.edu.pl\/wordpress\/wp-json\/wp\/v2\/pages\/83","targetHints":{"allow":["GET"]}}],"collection":[{"href":"https:\/\/pdm2021.uwb.edu.pl\/wordpress\/wp-json\/wp\/v2\/pages"}],"about":[{"href":"https:\/\/pdm2021.uwb.edu.pl\/wordpress\/wp-json\/wp\/v2\/types\/page"}],"author":[{"embeddable":true,"href":"https:\/\/pdm2021.uwb.edu.pl\/wordpress\/wp-json\/wp\/v2\/users\/1"}],"replies":[{"embeddable":true,"href":"https:\/\/pdm2021.uwb.edu.pl\/wordpress\/wp-json\/wp\/v2\/comments?post=83"}],"version-history":[{"count":43,"href":"https:\/\/pdm2021.uwb.edu.pl\/wordpress\/wp-json\/wp\/v2\/pages\/83\/revisions"}],"predecessor-version":[{"id":3161,"href":"https:\/\/pdm2021.uwb.edu.pl\/wordpress\/wp-json\/wp\/v2\/pages\/83\/revisions\/3161"}],"wp:attachment":[{"href":"https:\/\/pdm2021.uwb.edu.pl\/wordpress\/wp-json\/wp\/v2\/media?parent=83"}],"curies":[{"name":"wp","href":"https:\/\/api.w.org\/{rel}","templated":true}]}}