{"id":88,"date":"2021-07-19T19:35:04","date_gmt":"2021-07-19T17:35:04","guid":{"rendered":"https:\/\/pdm2021.uwb.edu.pl\/wordpress\/?page_id=88"},"modified":"2021-12-05T01:46:39","modified_gmt":"2021-12-05T00:46:39","slug":"sesje-tematyczne","status":"publish","type":"page","link":"https:\/\/pdm2021.uwb.edu.pl\/wordpress\/sesje-tematyczne\/","title":{"rendered":"SESJE TEMATYCZNE"},"content":{"rendered":"\t\t<div data-elementor-type=\"wp-page\" data-elementor-id=\"88\" class=\"elementor elementor-88\" data-elementor-settings=\"{&quot;ha_cmc_init_switcher&quot;:&quot;no&quot;}\">\n\t\t\t\t\t\t<section class=\"elementor-section elementor-top-section elementor-element elementor-element-743e49bd elementor-section-boxed elementor-section-height-default elementor-section-height-default\" data-id=\"743e49bd\" data-element_type=\"section\" data-e-type=\"section\" data-settings=\"{&quot;_ha_eqh_enable&quot;:false}\">\n\t\t\t\t\t\t<div class=\"elementor-container elementor-column-gap-default\">\n\t\t\t\t\t<div class=\"elementor-column elementor-col-100 elementor-top-column elementor-element elementor-element-3c4e794a\" data-id=\"3c4e794a\" data-element_type=\"column\" data-e-type=\"column\">\n\t\t\t<div class=\"elementor-widget-wrap elementor-element-populated\">\n\t\t\t\t\t\t<div class=\"elementor-element elementor-element-f15e900 elementor-widget elementor-widget-text-editor\" data-id=\"f15e900\" data-element_type=\"widget\" data-e-type=\"widget\" data-widget_type=\"text-editor.default\">\n\t\t\t\t<div class=\"elementor-widget-container\">\n\t\t\t\t\t\t\t\t\t<p>UWAGA: niekt\u00f3re sesje zosta\u0142y po\u0142\u0105czone. Patrz: https:\/\/pdm2021.clickmeeting.com\/ \u00a0<\/p>\t\t\t\t\t\t\t\t<\/div>\n\t\t\t\t<\/div>\n\t\t\t\t<div class=\"elementor-element elementor-element-dce3fb0 elementor-widget elementor-widget-text-editor\" data-id=\"dce3fb0\" data-element_type=\"widget\" data-e-type=\"widget\" data-widget_type=\"text-editor.default\">\n\t\t\t\t<div class=\"elementor-widget-container\">\n\t\t\t\t\t\t\t\t\t<p><\/p>\n<p><span style=\"color: #ffffff;\">1.<strong><a href=\"https:\/\/pdm2021.uwb.edu.pl\/wordpress\/prawo-do-miasta-prawo-trzeciej-generacji-praw-czlowieka\/\"> PRAWO DO MIASTA &#8211; PRAWO TRZECIEJ GENERACJI PRAW CZ\u0141OWIEKA?<\/a>,<\/strong> prowadzenie: Prof. dr hab. Hubert Izdebski (Uniwersytet SWPS)<\/span><\/p>\n<p><span style=\"color: #ffffff;\"><strong>2. <a href=\"https:\/\/pdm2021.uwb.edu.pl\/wordpress\/285-2\/\" rel=\"noopener\">RE\u017bIMY MIEJSKIE A KONFLIKTY O W\u0141ADZ\u0118 NAD PRZESTRZENI\u0104<\/a>, <\/strong>prowadzenie: Dr hab. Maja Biernacka (Uniwersytet w Bia\u0142ymstoku) i Prof. dr hab. Marek Szczepa\u0144ski (Uniwersytet \u015al\u0105ski w Katowicach)<\/span><\/p>\n<p><span style=\"color: #ffffff;\"><strong>3. <a href=\"https:\/\/pdm2021.uwb.edu.pl\/wordpress\/typy-wlasnosci-mechanizmy-utowarowienia-i-sposoby-korzystania-z-przestrzeni-miejskiej\/\" rel=\"noopener\">TYPY W\u0141ASNO\u015aCI, MECHANIZMY UTOWAROWIENIA I SPOSOBY KORZYSTANIA Z PRZESTRZENI MIEJSKIEJ<\/a><span style=\"font-size: 14px; letter-spacing: 0px;\">,<\/span><\/strong><span style=\"font-size: 14px; letter-spacing: 0px;\"> prowadzenie: Prof. dr hab.&nbsp;Marek Zi\u00f3\u0142kowski (Uniwersytet im. Adama Mickiewicza w Poznaniu) i Prof. dr hab. Rafa\u0142 Drozdowski (Uniwersytet im. Adama Mickiewicza w Poznaniu)<\/span><\/span><\/p>\n<p><span style=\"color: #ff0000;\"><strong><span style=\"color: #ffffff;\">4.&nbsp;<\/span><a href=\"https:\/\/pdm2021.uwb.edu.pl\/wordpress\/partycypacja-deliberacja-oraz-inne-formy-realizacji-prawa-do-wspolzarzadzania-miastem\/\">PARTYCYPACJA, DELIBERACJA ORAZ INNE FORMY REALIZACJI PRAWA DO WSP\u00d3\u0141ZARZ\u0104DZANIA MIASTEM<\/a><span style=\"font-size: 14px; letter-spacing: 0px; color: #ffffff;\">, <\/span><\/strong><span style=\"font-size: 14px; letter-spacing: 0px; color: #ffffff;\">prowadzenie: Prof. dr hab. Iwona Sagan (Uniwersytet Gda\u0144ski)<\/span><\/span><\/p>\n<p><span style=\"color: #ffffff;\"><strong>5. <a href=\"https:\/\/pdm2021.uwb.edu.pl\/wordpress\/291-2\/\" rel=\"noopener\">MIASTO PO KRYZYSIE A SPO\u0141ECZNY POTENCJA\u0141 ROZWOJU<\/a><span style=\"font-size: 14px; letter-spacing: 0px;\">,&nbsp;<\/span><\/strong><span style=\"font-size: 14px; letter-spacing: 0px;\">prowadzenie: Prof. dr hab. Pawe\u0142 Starosta (Uniwersytet \u0141\u00f3dzki) i Dr hab. Ma\u0142gorzata Dymnicka, prof. PG (Politechnika Gda\u0144ska)<\/span><\/span><\/p>\n<p><span style=\"color: #ffffff;\"><strong>6. <a href=\"https:\/\/pdm2021.uwb.edu.pl\/wordpress\/?page_id=449\" rel=\"noopener\">OBLICZA DU\u017bEGO MIASTA: JASNE I CIEMNE STRONY INSTYTUCJI, ORGANIZACJI I PROCES\u00d3W SPO\u0141ECZNYCH W OKRESIE ZAGRO\u017bENIA EPIDEMICZNEGO<\/a><span style=\"font-size: 14px; letter-spacing: 0px;\">, <\/span><\/strong><span style=\"font-size: 14px; letter-spacing: 0px;\">prowadzenie: <\/span><span style=\"font-size: 14px; letter-spacing: 0px;\">Dr hab. Barbara Cie\u015bli\u0144ska, prof. UwB (Uniwersytet w Bia\u0142ymstoku)<\/span><\/span><\/p>\n<p><span style=\"color: #ffffff;\"><strong>7. <a href=\"https:\/\/pdm2021.uwb.edu.pl\/wordpress\/294-2\/\" rel=\"noopener\">PRAWO DO MIASTA AKTOR\u00d3W NIE-LUDZKICH. FAUNA I FLORA MIEJSKA<\/a><span style=\"font-size: 14px; letter-spacing: 0px;\">, <\/span><\/strong><span style=\"font-size: 14px; letter-spacing: 0px;\">prowadzenie:&nbsp;Dr hab. Maciej Kowalewski, prof. US (Uniwersytet Szczeci\u0144ski)<\/span><\/span><\/p>\n<p><span style=\"color: #ffffff;\"><strong>8. <a href=\"https:\/\/pdm2021.uwb.edu.pl\/wordpress\/288-2\/\" rel=\"noopener\">INNOWACYJNE INSTRUMENTY ZARZ\u0104DZANIA OCHRON\u0104 \u015aRODOWISKA I KLIMATU W MIASTACH<\/a><span style=\"font-size: 14px; letter-spacing: 0px;\">, <\/span><\/strong><span style=\"font-size: 14px; letter-spacing: 0px;\">prowadzenie:&nbsp;Dr hab. in\u017c. Zbigniew Karaczun, prof. SGGW (Szko\u0142a G\u0142\u00f3wna Gospodarstwa Wiejskiego w Warszawie)<\/span><\/span><\/p>\n<p><span style=\"color: #ffffff;\"><strong>9. <a href=\"https:\/\/pdm2021.uwb.edu.pl\/wordpress\/?page_id=452\" rel=\"noopener\">ARCHITEKTURA WOBEC IDEA\u0141\u00d3W EGALITARNEGO I INKLUZYWNEGO MIASTA. MIEJSKIE PLANOWANIE WRA\u017bLIWE NA LUDZI<\/a><span style=\"font-size: 14px; letter-spacing: 0px;\">,&nbsp;<\/span><\/strong><span style=\"font-size: 14px; letter-spacing: 0px;\">prowadzenie:&nbsp;Prof. dr hab. in\u017c. arch.&nbsp;Ewa Kury\u0142owicz (Politechnika Warszawska)<\/span><\/span><\/p>\n<p><span style=\"color: #ffffff;\"><strong><span style=\"font-size: 14px; letter-spacing: 0px;\">10. <a href=\"https:\/\/pdm2021.uwb.edu.pl\/wordpress\/?page_id=282\" rel=\"noopener\">WSP\u00d3\u0141CZESNE WYMAGANIA JAKO\u015aCI \u015aRODOWISKA MIESZKANIOWEGO, JEGO STANDARDY I METODY OCENY<\/a>,<\/span><\/strong><span style=\"font-size: 14px; letter-spacing: 0px;\"> prowadzenie: Prof. dr hab. in\u017c. arch. Justyna Kobylarczyk (Politechnika Krakowska im. Tadeusza Ko\u015bciuszki)<\/span><\/span><\/p>\n<p><span style=\"color: #ffffff;\"><strong>11. <a href=\"https:\/\/pdm2021.uwb.edu.pl\/wordpress\/?page_id=321\" rel=\"noopener\">MIASTO INTELIGENTNE W \u015aWIETLE WYZWA\u0143 ROZWOJU ZR\u00d3WNOWA\u017bONEGO<\/a><span style=\"font-size: 14px; letter-spacing: 0px;\">, <\/span><\/strong><span style=\"font-size: 14px; letter-spacing: 0px;\">prowadzenie: Dr hab. Ma\u0142gorzata Pi\u0119ta-Kanurska, prof. UE (Uniwersytet Ekonomiczny we Wroc\u0142awiu)<\/span><\/span><\/p>\n<p><span style=\"color: #ffffff;\"><span style=\"font-size: 14px; letter-spacing: 0px;\">&nbsp;<\/span><\/span><\/p>\n<p><span style=\"font-size: 14px; letter-spacing: 0px;\">CZAS TRWANIA KA\u017bDEJ SESJI: OK. 2 GODZINY&nbsp;<\/span><\/p>\n<p><span style=\"font-size: 14px; letter-spacing: 0px;\"><span style=\"text-decoration: underline;\">SUGEROWANY PRZEBIEG SESJI<\/span>:&nbsp;<\/span><\/p>\n<p><strong><span style=\"color: #ffffff;\"><span style=\"font-size: 14px; letter-spacing: 0px;\">1<\/span><\/span><\/strong><span style=\"color: #ffffff;\"><span style=\"font-size: 14px; letter-spacing: 0px;\">. WPROWADZENIE &#8211; OK. 10 MINUT<\/span><\/span><\/p>\n<p><span style=\"color: #ffffff;\"><span style=\"font-size: 14px; letter-spacing: 0px;\">2. REFERATY (LICZBA: 4-6 &#8211; WG. UZNANIA OSOBY\/\u00d3B PROWADZ\u0104CEJ\/YCH)&nbsp;<\/span><\/span><\/p>\n<p><span style=\"color: #ffffff;\"><span style=\"font-size: 14px; letter-spacing: 0px;\">3. DYSKUSJA (LUB DYSKUSJA PO KA\u017bDYM REFERACIE &#8211; WG. UZNANIA OSOBY\/\u00d3B PROWADZ\u0104CEJ\/YCH)&nbsp;<\/span><\/span><\/p>\n<p><\/p>\n<p><\/p>\t\t\t\t\t\t\t\t<\/div>\n\t\t\t\t<\/div>\n\t\t\t\t<div class=\"elementor-element elementor-element-6564af90 elementor-widget elementor-widget-text-editor\" data-id=\"6564af90\" data-element_type=\"widget\" data-e-type=\"widget\" data-widget_type=\"text-editor.default\">\n\t\t\t\t<div class=\"elementor-widget-container\">\n\t\t\t\t\t\t\t\t\t<p><\/p>\n<p><span style=\"color: #ffffff;\">1.<strong><a href=\"https:\/\/pdm2021.uwb.edu.pl\/wordpress\/prawo-do-miasta-prawo-trzeciej-generacji-praw-czlowieka\/\"> PRAWO DO MIASTA &#8211; PRAWO TRZECIEJ GENERACJI PRAW CZ\u0141OWIEKA?<\/a>,<\/strong> prowadzenie: Prof. dr hab. Hubert Izdebski (Uniwersytet SWPS)<\/span><\/p>\n<p><span style=\"color: #ffffff;\"><strong>2. <a href=\"https:\/\/pdm2021.uwb.edu.pl\/wordpress\/285-2\/\" rel=\"noopener\">RE\u017bIMY MIEJSKIE A KONFLIKTY O W\u0141ADZ\u0118 NAD PRZESTRZENI\u0104<\/a>, <\/strong>prowadzenie: Dr hab. Maja Biernacka (Uniwersytet w Bia\u0142ymstoku) i Prof. dr hab. Marek Szczepa\u0144ski (Uniwersytet \u015al\u0105ski w Katowicach)<\/span><\/p>\n<p><span style=\"color: #ffffff;\"><strong>3. <a href=\"https:\/\/pdm2021.uwb.edu.pl\/wordpress\/typy-wlasnosci-mechanizmy-utowarowienia-i-sposoby-korzystania-z-przestrzeni-miejskiej\/\" rel=\"noopener\">TYPY W\u0141ASNO\u015aCI, MECHANIZMY UTOWAROWIENIA I SPOSOBY KORZYSTANIA Z PRZESTRZENI MIEJSKIEJ<\/a><span style=\"font-size: 14px; letter-spacing: 0px;\">,<\/span><\/strong><span style=\"font-size: 14px; letter-spacing: 0px;\"> prowadzenie: Prof. dr hab.\u00a0Marek Zi\u00f3\u0142kowski (Uniwersytet im. Adama Mickiewicza w Poznaniu) i Prof. dr hab. Rafa\u0142 Drozdowski (Uniwersytet im. Adama Mickiewicza w Poznaniu)<\/span><\/span><\/p>\n<p><span style=\"color: #ff0000;\"><strong><span style=\"color: #ffffff;\">4.\u00a0<\/span><a href=\"https:\/\/pdm2021.uwb.edu.pl\/wordpress\/partycypacja-deliberacja-oraz-inne-formy-realizacji-prawa-do-wspolzarzadzania-miastem\/\">PARTYCYPACJA, DELIBERACJA ORAZ INNE FORMY REALIZACJI PRAWA DO WSP\u00d3\u0141ZARZ\u0104DZANIA MIASTEM<\/a><span style=\"font-size: 14px; letter-spacing: 0px; color: #ffffff;\">, <\/span><\/strong><span style=\"font-size: 14px; letter-spacing: 0px; color: #ffffff;\">prowadzenie: Prof. dr hab. Iwona Sagan (Uniwersytet Gda\u0144ski)<\/span><\/span><\/p>\n<p><span style=\"color: #ffffff;\"><strong>5. <a href=\"https:\/\/pdm2021.uwb.edu.pl\/wordpress\/291-2\/\" rel=\"noopener\">MIASTO PO KRYZYSIE A SPO\u0141ECZNY POTENCJA\u0141 ROZWOJU<\/a><span style=\"font-size: 14px; letter-spacing: 0px;\">,\u00a0<\/span><\/strong><span style=\"font-size: 14px; letter-spacing: 0px;\">prowadzenie: Prof. dr hab. Pawe\u0142 Starosta (Uniwersytet \u0141\u00f3dzki) i Dr hab. Ma\u0142gorzata Dymnicka, prof. PG (Politechnika Gda\u0144ska)<\/span><\/span><\/p>\n<p><span style=\"color: #ffffff;\"><strong>6. <a href=\"https:\/\/pdm2021.uwb.edu.pl\/wordpress\/?page_id=449\" rel=\"noopener\">OBLICZA DU\u017bEGO MIASTA: JASNE I CIEMNE STRONY INSTYTUCJI, ORGANIZACJI I PROCES\u00d3W SPO\u0141ECZNYCH W OKRESIE ZAGRO\u017bENIA EPIDEMICZNEGO<\/a><span style=\"font-size: 14px; letter-spacing: 0px;\">, <\/span><\/strong><span style=\"font-size: 14px; letter-spacing: 0px;\">prowadzenie: <\/span><span style=\"font-size: 14px; letter-spacing: 0px;\">Dr hab. Barbara Cie\u015bli\u0144ska, prof. UwB (Uniwersytet w Bia\u0142ymstoku)<\/span><\/span><\/p>\n<p><span style=\"color: #ffffff;\"><strong>7. <a href=\"https:\/\/pdm2021.uwb.edu.pl\/wordpress\/294-2\/\" rel=\"noopener\">PRAWO DO MIASTA AKTOR\u00d3W NIE-LUDZKICH. FAUNA I FLORA MIEJSKA<\/a><span style=\"font-size: 14px; letter-spacing: 0px;\">, <\/span><\/strong><span style=\"font-size: 14px; letter-spacing: 0px;\">prowadzenie:\u00a0Dr hab. Maciej Kowalewski, prof. US (Uniwersytet Szczeci\u0144ski)<\/span><\/span><\/p>\n<p><span style=\"color: #ffffff;\"><strong>8. <a href=\"https:\/\/pdm2021.uwb.edu.pl\/wordpress\/288-2\/\" rel=\"noopener\">INNOWACYJNE INSTRUMENTY ZARZ\u0104DZANIA OCHRON\u0104 \u015aRODOWISKA I KLIMATU W MIASTACH<\/a><span style=\"font-size: 14px; letter-spacing: 0px;\">, <\/span><\/strong><span style=\"font-size: 14px; letter-spacing: 0px;\">prowadzenie:\u00a0Dr hab. in\u017c. Zbigniew Karaczun, prof. SGGW (Szko\u0142a G\u0142\u00f3wna Gospodarstwa Wiejskiego w Warszawie)<\/span><\/span><\/p>\n<p><span style=\"color: #ffffff;\"><strong>9. <a href=\"https:\/\/pdm2021.uwb.edu.pl\/wordpress\/?page_id=452\" rel=\"noopener\">ARCHITEKTURA WOBEC IDEA\u0141\u00d3W EGALITARNEGO I INKLUZYWNEGO MIASTA. MIEJSKIE PLANOWANIE WRA\u017bLIWE NA LUDZI<\/a><span style=\"font-size: 14px; letter-spacing: 0px;\">,\u00a0<\/span><\/strong><span style=\"font-size: 14px; letter-spacing: 0px;\">prowadzenie:\u00a0Prof. dr hab. in\u017c. arch.\u00a0Ewa Kury\u0142owicz (Politechnika Warszawska)<\/span><\/span><\/p>\n<p><span style=\"color: #ffffff;\"><strong><span style=\"font-size: 14px; letter-spacing: 0px;\">10. <a href=\"https:\/\/pdm2021.uwb.edu.pl\/wordpress\/?page_id=282\" rel=\"noopener\">WSP\u00d3\u0141CZESNE WYMAGANIA JAKO\u015aCI \u015aRODOWISKA MIESZKANIOWEGO, JEGO STANDARDY I METODY OCENY<\/a>,<\/span><\/strong><span style=\"font-size: 14px; letter-spacing: 0px;\"> prowadzenie: Prof. dr hab. in\u017c. arch. Justyna Kobylarczyk (Politechnika Krakowska im. Tadeusza Ko\u015bciuszki)<\/span><\/span><\/p>\n<p><span style=\"color: #ffffff;\"><strong>11. <a href=\"https:\/\/pdm2021.uwb.edu.pl\/wordpress\/?page_id=321\" rel=\"noopener\">MIASTO INTELIGENTNE W \u015aWIETLE WYZWA\u0143 ROZWOJU ZR\u00d3WNOWA\u017bONEGO<\/a><span style=\"font-size: 14px; letter-spacing: 0px;\">, <\/span><\/strong><span style=\"font-size: 14px; letter-spacing: 0px;\">prowadzenie: Dr hab. Ma\u0142gorzata Pi\u0119ta-Kanurska, prof. UE (Uniwersytet Ekonomiczny we Wroc\u0142awiu)<\/span><\/span><\/p>\n<p><span style=\"color: #ffffff;\"><span style=\"font-size: 14px; letter-spacing: 0px;\">\u00a0<\/span><\/span><\/p>\n<p><span style=\"font-size: 14px; letter-spacing: 0px; text-decoration-line: underline;\">SUGEROWANY PRZEBIEG SESJI<\/span><span style=\"font-size: 14px; letter-spacing: 0px;\">:\u00a0<\/span><\/p>\n<p><strong><span style=\"color: #ffffff;\"><span style=\"font-size: 14px; letter-spacing: 0px;\">1<\/span><\/span><\/strong><span style=\"color: #ffffff;\"><span style=\"font-size: 14px; letter-spacing: 0px;\">. WPROWADZENIE &#8211; OK. 10 MINUT<\/span><\/span><\/p>\n<p><span style=\"color: #ffffff;\"><span style=\"font-size: 14px; letter-spacing: 0px;\">2. WYST\u0104PIENIA REFERENT\u00d3W\u00a0\u00a0<\/span><\/span><\/p>\n<p><span style=\"color: #ffffff;\"><span style=\"font-size: 14px; letter-spacing: 0px;\">3. DYSKUSJA (LUB DYSKUSJA PO KA\u017bDYM REFERACIE &#8211; WG. UZNANIA OSOBY\/\u00d3B PROWADZ\u0104CEJ\/YCH)\u00a0<\/span><\/span><\/p>\n<p>\u00a0<\/p>\n<p><\/p>\t\t\t\t\t\t\t\t<\/div>\n\t\t\t\t<\/div>\n\t\t\t\t\t<\/div>\n\t\t<\/div>\n\t\t\t\t\t<\/div>\n\t\t<\/section>\n\t\t\t\t<\/div>\n\t\t","protected":false},"excerpt":{"rendered":"<p>UWAGA: niekt\u00f3re sesje zosta\u0142y po\u0142\u0105czone. Patrz: https:\/\/pdm2021.clickmeeting.com\/ \u00a0 1. PRAWO DO MIASTA &#8211; PRAWO TRZECIEJ GENERACJI PRAW CZ\u0141OWIEKA?, prowadzenie: Prof. dr hab. Hubert Izdebski (Uniwersytet SWPS) 2. RE\u017bIMY MIEJSKIE A KONFLIKTY O W\u0141ADZ\u0118 NAD PRZESTRZENI\u0104, prowadzenie: Dr hab. Maja Biernacka (Uniwersytet w Bia\u0142ymstoku) i Prof. dr hab. Marek Szczepa\u0144ski (Uniwersytet \u015al\u0105ski w Katowicach) 3. TYPY <a class=\"read-more\" href=\"https:\/\/pdm2021.uwb.edu.pl\/wordpress\/sesje-tematyczne\/\">READ MORE<\/a><\/p>\n","protected":false},"author":1,"featured_media":0,"parent":0,"menu_order":0,"comment_status":"closed","ping_status":"closed","template":"","meta":{"_monsterinsights_skip_tracking":false,"_monsterinsights_sitenote_active":false,"_monsterinsights_sitenote_note":"","_monsterinsights_sitenote_category":0,"footnotes":""},"class_list":["post-88","page","type-page","status-publish","hentry"],"aioseo_notices":[],"_links":{"self":[{"href":"https:\/\/pdm2021.uwb.edu.pl\/wordpress\/wp-json\/wp\/v2\/pages\/88","targetHints":{"allow":["GET"]}}],"collection":[{"href":"https:\/\/pdm2021.uwb.edu.pl\/wordpress\/wp-json\/wp\/v2\/pages"}],"about":[{"href":"https:\/\/pdm2021.uwb.edu.pl\/wordpress\/wp-json\/wp\/v2\/types\/page"}],"author":[{"embeddable":true,"href":"https:\/\/pdm2021.uwb.edu.pl\/wordpress\/wp-json\/wp\/v2\/users\/1"}],"replies":[{"embeddable":true,"href":"https:\/\/pdm2021.uwb.edu.pl\/wordpress\/wp-json\/wp\/v2\/comments?post=88"}],"version-history":[{"count":149,"href":"https:\/\/pdm2021.uwb.edu.pl\/wordpress\/wp-json\/wp\/v2\/pages\/88\/revisions"}],"predecessor-version":[{"id":3298,"href":"https:\/\/pdm2021.uwb.edu.pl\/wordpress\/wp-json\/wp\/v2\/pages\/88\/revisions\/3298"}],"wp:attachment":[{"href":"https:\/\/pdm2021.uwb.edu.pl\/wordpress\/wp-json\/wp\/v2\/media?parent=88"}],"curies":[{"name":"wp","href":"https:\/\/api.w.org\/{rel}","templated":true}]}}