{"id":90,"date":"2021-07-19T19:35:50","date_gmt":"2021-07-19T17:35:50","guid":{"rendered":"https:\/\/pdm2021.uwb.edu.pl\/wordpress\/?page_id=90"},"modified":"2021-08-26T13:21:32","modified_gmt":"2021-08-26T11:21:32","slug":"wspolpraca-instytucjonalna-kontakt","status":"publish","type":"page","link":"https:\/\/pdm2021.uwb.edu.pl\/wordpress\/wspolpraca-instytucjonalna-kontakt\/","title":{"rendered":"WSP\u00d3\u0141PRACA INSTYTUCJONALNA"},"content":{"rendered":"\t\t<div data-elementor-type=\"wp-page\" data-elementor-id=\"90\" class=\"elementor elementor-90\" data-elementor-settings=\"{&quot;ha_cmc_init_switcher&quot;:&quot;no&quot;}\">\n\t\t\t\t\t\t<section class=\"elementor-section elementor-top-section elementor-element elementor-element-16de1fc6 elementor-section-boxed elementor-section-height-default elementor-section-height-default\" data-id=\"16de1fc6\" data-element_type=\"section\" data-e-type=\"section\" data-settings=\"{&quot;_ha_eqh_enable&quot;:false}\">\n\t\t\t\t\t\t<div class=\"elementor-container elementor-column-gap-default\">\n\t\t\t\t\t<div class=\"elementor-column elementor-col-100 elementor-top-column elementor-element elementor-element-81d2dfa\" data-id=\"81d2dfa\" data-element_type=\"column\" data-e-type=\"column\">\n\t\t\t<div class=\"elementor-widget-wrap elementor-element-populated\">\n\t\t\t\t\t\t<div class=\"elementor-element elementor-element-5f02191 elementor-widget elementor-widget-text-editor\" data-id=\"5f02191\" data-element_type=\"widget\" data-e-type=\"widget\" data-widget_type=\"text-editor.default\">\n\t\t\t\t<div class=\"elementor-widget-container\">\n\t\t\t\t\t\t\t\t\t<p><\/p>\n<p>Zapraszamy podmioty sektora publicznego oraz prywatnego do sk\u0142adania propozycji wsp\u00f3\u0142pracy instytucjonalnej na adresy mailowe:<strong>\u00a0<a href=\"mailto:mmbiernacka@tlen.pl;\" target=\"_blank\" rel=\"noopener\">mmbiernacka@tlen.pl<\/a><\/strong>\u00a0\u00a0\u00a0 <strong><a href=\"mailto:m.biernacka@uwb.edu.pl\" target=\"_blank\" rel=\"noopener\">m.biernacka@uwb.edu.pl<\/a><\/strong><\/p>\n<p><\/p>\t\t\t\t\t\t\t\t<\/div>\n\t\t\t\t<\/div>\n\t\t\t\t\t<\/div>\n\t\t<\/div>\n\t\t\t\t\t<\/div>\n\t\t<\/section>\n\t\t\t\t<\/div>\n\t\t","protected":false},"excerpt":{"rendered":"<p>Zapraszamy podmioty sektora publicznego oraz prywatnego do sk\u0142adania propozycji wsp\u00f3\u0142pracy instytucjonalnej na adresy mailowe:\u00a0mmbiernacka@tlen.pl\u00a0\u00a0\u00a0 m.biernacka@uwb.edu.pl<\/p>\n","protected":false},"author":1,"featured_media":0,"parent":0,"menu_order":0,"comment_status":"closed","ping_status":"closed","template":"","meta":{"_monsterinsights_skip_tracking":false,"_monsterinsights_sitenote_active":false,"_monsterinsights_sitenote_note":"","_monsterinsights_sitenote_category":0,"footnotes":""},"class_list":["post-90","page","type-page","status-publish","hentry"],"aioseo_notices":[],"_links":{"self":[{"href":"https:\/\/pdm2021.uwb.edu.pl\/wordpress\/wp-json\/wp\/v2\/pages\/90","targetHints":{"allow":["GET"]}}],"collection":[{"href":"https:\/\/pdm2021.uwb.edu.pl\/wordpress\/wp-json\/wp\/v2\/pages"}],"about":[{"href":"https:\/\/pdm2021.uwb.edu.pl\/wordpress\/wp-json\/wp\/v2\/types\/page"}],"author":[{"embeddable":true,"href":"https:\/\/pdm2021.uwb.edu.pl\/wordpress\/wp-json\/wp\/v2\/users\/1"}],"replies":[{"embeddable":true,"href":"https:\/\/pdm2021.uwb.edu.pl\/wordpress\/wp-json\/wp\/v2\/comments?post=90"}],"version-history":[{"count":18,"href":"https:\/\/pdm2021.uwb.edu.pl\/wordpress\/wp-json\/wp\/v2\/pages\/90\/revisions"}],"predecessor-version":[{"id":1580,"href":"https:\/\/pdm2021.uwb.edu.pl\/wordpress\/wp-json\/wp\/v2\/pages\/90\/revisions\/1580"}],"wp:attachment":[{"href":"https:\/\/pdm2021.uwb.edu.pl\/wordpress\/wp-json\/wp\/v2\/media?parent=90"}],"curies":[{"name":"wp","href":"https:\/\/api.w.org\/{rel}","templated":true}]}}