{"id":94,"date":"2021-07-19T19:36:42","date_gmt":"2021-07-19T17:36:42","guid":{"rendered":"https:\/\/pdm2021.uwb.edu.pl\/wordpress\/?page_id=94"},"modified":"2021-08-26T03:37:46","modified_gmt":"2021-08-26T01:37:46","slug":"zasady-naboru-referatow","status":"publish","type":"page","link":"https:\/\/pdm2021.uwb.edu.pl\/wordpress\/zasady-naboru-referatow\/","title":{"rendered":"ZASADY NABORU REFERAT\u00d3W"},"content":{"rendered":"\t\t<div data-elementor-type=\"wp-page\" data-elementor-id=\"94\" class=\"elementor elementor-94\" data-elementor-settings=\"{&quot;ha_cmc_init_switcher&quot;:&quot;no&quot;}\">\n\t\t\t\t\t\t<section class=\"elementor-section elementor-top-section elementor-element elementor-element-7581aa6b elementor-section-boxed elementor-section-height-default elementor-section-height-default\" data-id=\"7581aa6b\" data-element_type=\"section\" data-e-type=\"section\" data-settings=\"{&quot;_ha_eqh_enable&quot;:false}\">\n\t\t\t\t\t\t<div class=\"elementor-container elementor-column-gap-default\">\n\t\t\t\t\t<div class=\"elementor-column elementor-col-100 elementor-top-column elementor-element elementor-element-26adb45a\" data-id=\"26adb45a\" data-element_type=\"column\" data-e-type=\"column\">\n\t\t\t<div class=\"elementor-widget-wrap elementor-element-populated\">\n\t\t\t\t\t\t<div class=\"elementor-element elementor-element-2a526496 elementor-widget elementor-widget-text-editor\" data-id=\"2a526496\" data-element_type=\"widget\" data-e-type=\"widget\" data-widget_type=\"text-editor.default\">\n\t\t\t\t<div class=\"elementor-widget-container\">\n\t\t\t\t\t\t\t\t\t<p><\/p>\n<p><\/p>\n<p><span style=\"color: #ffffff;\">Decyzj\u0119 o akceptacji lub odrzuceniu propozycji referat\u00f3w b\u0119d\u0105 podejmowa\u0107 prowadz\u0105cy poszczeg\u00f3lne sesje tematyczne na podstawie zawarto\u015bci merytorycznej abstrakt\u00f3w zg\u0142oszonych w formularzu umieszczonym na stronie konferencji (dost\u0119pny pod linkiem:<\/span> <strong><a href=\"https:\/\/pdm2021.uwb.edu.pl\/wordpress\/?page_id=98\">ZG\u0141O\u015a PROPOZYCJ\u0118 REFERATU<\/a><\/strong>).<\/p>\n<p><\/p>\t\t\t\t\t\t\t\t<\/div>\n\t\t\t\t<\/div>\n\t\t\t\t\t<\/div>\n\t\t<\/div>\n\t\t\t\t\t<\/div>\n\t\t<\/section>\n\t\t\t\t<\/div>\n\t\t","protected":false},"excerpt":{"rendered":"<p>Decyzj\u0119 o akceptacji lub odrzuceniu propozycji referat\u00f3w b\u0119d\u0105 podejmowa\u0107 prowadz\u0105cy poszczeg\u00f3lne sesje tematyczne na podstawie zawarto\u015bci merytorycznej abstrakt\u00f3w zg\u0142oszonych w formularzu umieszczonym na stronie konferencji (dost\u0119pny pod linkiem: ZG\u0141O\u015a PROPOZYCJ\u0118 REFERATU).<\/p>\n","protected":false},"author":1,"featured_media":0,"parent":0,"menu_order":0,"comment_status":"closed","ping_status":"closed","template":"","meta":{"_monsterinsights_skip_tracking":false,"_monsterinsights_sitenote_active":false,"_monsterinsights_sitenote_note":"","_monsterinsights_sitenote_category":0,"footnotes":""},"class_list":["post-94","page","type-page","status-publish","hentry"],"aioseo_notices":[],"_links":{"self":[{"href":"https:\/\/pdm2021.uwb.edu.pl\/wordpress\/wp-json\/wp\/v2\/pages\/94","targetHints":{"allow":["GET"]}}],"collection":[{"href":"https:\/\/pdm2021.uwb.edu.pl\/wordpress\/wp-json\/wp\/v2\/pages"}],"about":[{"href":"https:\/\/pdm2021.uwb.edu.pl\/wordpress\/wp-json\/wp\/v2\/types\/page"}],"author":[{"embeddable":true,"href":"https:\/\/pdm2021.uwb.edu.pl\/wordpress\/wp-json\/wp\/v2\/users\/1"}],"replies":[{"embeddable":true,"href":"https:\/\/pdm2021.uwb.edu.pl\/wordpress\/wp-json\/wp\/v2\/comments?post=94"}],"version-history":[{"count":24,"href":"https:\/\/pdm2021.uwb.edu.pl\/wordpress\/wp-json\/wp\/v2\/pages\/94\/revisions"}],"predecessor-version":[{"id":1461,"href":"https:\/\/pdm2021.uwb.edu.pl\/wordpress\/wp-json\/wp\/v2\/pages\/94\/revisions\/1461"}],"wp:attachment":[{"href":"https:\/\/pdm2021.uwb.edu.pl\/wordpress\/wp-json\/wp\/v2\/media?parent=94"}],"curies":[{"name":"wp","href":"https:\/\/api.w.org\/{rel}","templated":true}]}}