{"id":96,"date":"2021-07-19T19:37:03","date_gmt":"2021-07-19T17:37:03","guid":{"rendered":"https:\/\/pdm2021.uwb.edu.pl\/wordpress\/?page_id=96"},"modified":"2021-09-04T15:24:17","modified_gmt":"2021-09-04T13:24:17","slug":"oplaty-konferencyjne","status":"publish","type":"page","link":"https:\/\/pdm2021.uwb.edu.pl\/wordpress\/oplaty-konferencyjne\/","title":{"rendered":"TERMINY I OP\u0141ATY"},"content":{"rendered":"\t\t<div data-elementor-type=\"wp-page\" data-elementor-id=\"96\" class=\"elementor elementor-96\" data-elementor-settings=\"{&quot;ha_cmc_init_switcher&quot;:&quot;no&quot;}\">\n\t\t\t\t\t\t<section class=\"elementor-section elementor-top-section elementor-element elementor-element-862d673 elementor-section-boxed elementor-section-height-default elementor-section-height-default\" data-id=\"862d673\" data-element_type=\"section\" data-e-type=\"section\" data-settings=\"{&quot;_ha_eqh_enable&quot;:false}\">\n\t\t\t\t\t\t<div class=\"elementor-container elementor-column-gap-default\">\n\t\t\t\t\t<div class=\"elementor-column elementor-col-100 elementor-top-column elementor-element elementor-element-daba663\" data-id=\"daba663\" data-element_type=\"column\" data-e-type=\"column\">\n\t\t\t<div class=\"elementor-widget-wrap elementor-element-populated\">\n\t\t\t\t\t\t<div class=\"elementor-element elementor-element-ad7f9b4 elementor-widget elementor-widget-text-editor\" data-id=\"ad7f9b4\" data-element_type=\"widget\" data-e-type=\"widget\" data-widget_type=\"text-editor.default\">\n\t\t\t\t<div class=\"elementor-widget-container\">\n\t\t\t\t\t\t\t\t\t<hr class=\"wp-block-separator\">\n<figure class=\"wp-block-table\">\n<table style=\"height: 347px;\" width=\"601\">\n<tbody>\n<tr>\n<td>&nbsp;<\/td>\n<td style=\"text-align: center;\">Kategoria:<\/td>\n<td style=\"text-align: center;\">Zg\u0142oszenie w terminie 28.08.21-15.09.21 (<em>Early Bird<\/em>)<a href=\"https:\/\/pdm2021.uwb.edu.pl\/wordpress\/?page_id=96#_ftn1\">[1]<\/a><\/td>\n<td style=\"text-align: center;\">Zg\u0142oszenie w terminie 16.09.21-17.10.21<a href=\"https:\/\/pdm2021.uwb.edu.pl\/wordpress\/?page_id=96#_ftn2\">[2]<\/a><\/td>\n<\/tr>\n<tr>\n<td>&nbsp;<\/td>\n<td>&nbsp;<\/td>\n<td>&nbsp;<\/td>\n<td>&nbsp;<\/td>\n<\/tr>\n<tr>\n<td>&nbsp;<\/td>\n<td>&nbsp;<\/td>\n<td>&nbsp;<\/td>\n<td>&nbsp;<\/td>\n<\/tr>\n<tr>\n<td>\n<p style=\"text-align: center;\">1.<\/p>\n<\/td>\n<td>\n<p style=\"text-align: center;\">UCZESTNICTWO CZYNNE (referent)<\/p>\n<\/td>\n<\/tr>\n<tr>\n<td>1.1<\/td>\n<td>\n<p style=\"text-align: center;\">Studenci\/doktoranci<\/p>\n<\/td>\n<td style=\"text-align: center;\">185 z\u0142<\/td>\n<td style=\"text-align: center;\">275 z\u0142<\/td>\n<\/tr>\n<tr>\n<td>\n<p style=\"text-align: center;\">1.2<\/p>\n<\/td>\n<td>\n<p style=\"text-align: center;\">&nbsp;Pracownicy naukowo-dydaktyczni i&nbsp;pozosta\u0142e osoby <a href=\"https:\/\/pdm2021.uwb.edu.pl\/wordpress\/?page_id=96#_ftn3\">[3]<\/a><\/p>\n<\/td>\n<td style=\"text-align: center;\">245 z\u0142<\/td>\n<td style=\"text-align: center;\">345 z\u0142<\/td>\n<\/tr>\n<tr>\n<td>\n<p>2.<\/p>\n<\/td>\n<td>\n<p style=\"text-align: center;\">UCZESTNICTWO BIERNE (s\u0142uchacz)<\/p>\n<\/td>\n<td style=\"text-align: center;\">\n<p>bezp\u0142atnie<\/p>\n<\/td>\n<td style=\"text-align: center;\">&nbsp;<\/td>\n<\/tr>\n<\/tbody>\n<\/table>\n<\/figure>\n<p>Numer rachunku bankowego: 23 1160 2202 0000 0002 4179 4327,&nbsp;<span style=\"font-size: 14px; letter-spacing: 0px;\">Bank Millenium S.A.<\/span><\/p>\n<p>TYTU\u0141 P\u0141ATNO\u015aCI: Imi\u0119 i nazwisko, PDM-2021<\/p>\n<p>TERMIN P\u0141ATNO\u015aCI: Prosimy o&nbsp;dokonywanie wp\u0142at w&nbsp;terminie do&nbsp;10 dni roboczych od&nbsp;otrzymania powiadomienia o&nbsp;akceptacji referatu.<\/p>\n<p><a href=\"https:\/\/pdm2021.uwb.edu.pl\/wordpress\/?page_id=96#_ftnref1\">[1]<\/a> Zg\u0142oszenie jest to\u017csame z&nbsp;wys\u0142aniem przez stron\u0119 wype\u0142nionego formularza zg\u0142oszeniowego (dost\u0119pny pod zak\u0142adk\u0105&nbsp;<a href=\"https:\/\/pdm2021.uwb.edu.pl\/wordpress\/?page_id=98\"><strong>ZG\u0141O\u015a PROPOZYCJ\u0118 REFERATU<\/strong><\/a>) oraz, odr\u0119bnie, podpisanych o\u015bwiadcze\u0144 nr&nbsp;1 i&nbsp;2, odpowiednio: <em>O\u015bwiadczenie o&nbsp;wyra\u017ceniu zgody na&nbsp;przetwarzanie danych osobowych<\/em> i&nbsp;<em>O\u015bwiadczenie o&nbsp;wyra\u017ceniu zgody na&nbsp;publikacj\u0119 wizerunku <\/em>na adres mailowy prawo.do.miasta.2021@uwb.edu.pl. O\u015bwiadczenia s\u0105 dost\u0119pne w&nbsp;postaci jednego pliku pod zak\u0142adk\u0105&nbsp;<a href=\"https:\/\/pdm2021.uwb.edu.pl\/wordpress\/?page_id=455\"><strong>O\u015aWIADCZENIA<\/strong><\/a>, a tak\u017ce pod linkiem poni\u017cej formularza zg\u0142oszeniowego. UWAGA: w&nbsp;dokumencie nale\u017cy umie\u015bci\u0107 dwa podpisy (tj.&nbsp;pod&nbsp;ka\u017cdym z&nbsp;o\u015bwiadcze\u0144).<\/p>\n<p><a href=\"https:\/\/pdm2021.uwb.edu.pl\/wordpress\/?page_id=96#_ftnref2\">[2]<\/a> j.w.<\/p>\n<p><a href=\"https:\/\/pdm2021.uwb.edu.pl\/wordpress\/?page_id=96#_ftnref3\">[3]<\/a> z&nbsp;wykluczeniem kategorii 1.1<\/p>\t\t\t\t\t\t\t\t<\/div>\n\t\t\t\t<\/div>\n\t\t\t\t\t<\/div>\n\t\t<\/div>\n\t\t\t\t\t<\/div>\n\t\t<\/section>\n\t\t\t\t<\/div>\n\t\t","protected":false},"excerpt":{"rendered":"<p>&nbsp; Kategoria: Zg\u0142oszenie w terminie 28.08.21-15.09.21 (Early Bird)[1] Zg\u0142oszenie w terminie 16.09.21-17.10.21[2] &nbsp; &nbsp; &nbsp; &nbsp; &nbsp; &nbsp; &nbsp; &nbsp; 1. UCZESTNICTWO CZYNNE (referent) 1.1 Studenci\/doktoranci 185 z\u0142 275 z\u0142 1.2 &nbsp;Pracownicy naukowo-dydaktyczni i&nbsp;pozosta\u0142e osoby [3] 245 z\u0142 345 z\u0142 2. UCZESTNICTWO BIERNE (s\u0142uchacz) bezp\u0142atnie &nbsp; Numer rachunku bankowego: 23 1160 2202 0000 0002 4179 <a class=\"read-more\" href=\"https:\/\/pdm2021.uwb.edu.pl\/wordpress\/oplaty-konferencyjne\/\">READ MORE<\/a><\/p>\n","protected":false},"author":1,"featured_media":0,"parent":0,"menu_order":0,"comment_status":"closed","ping_status":"closed","template":"","meta":{"_monsterinsights_skip_tracking":false,"_monsterinsights_sitenote_active":false,"_monsterinsights_sitenote_note":"","_monsterinsights_sitenote_category":0,"footnotes":""},"class_list":["post-96","page","type-page","status-publish","hentry"],"aioseo_notices":[],"_links":{"self":[{"href":"https:\/\/pdm2021.uwb.edu.pl\/wordpress\/wp-json\/wp\/v2\/pages\/96","targetHints":{"allow":["GET"]}}],"collection":[{"href":"https:\/\/pdm2021.uwb.edu.pl\/wordpress\/wp-json\/wp\/v2\/pages"}],"about":[{"href":"https:\/\/pdm2021.uwb.edu.pl\/wordpress\/wp-json\/wp\/v2\/types\/page"}],"author":[{"embeddable":true,"href":"https:\/\/pdm2021.uwb.edu.pl\/wordpress\/wp-json\/wp\/v2\/users\/1"}],"replies":[{"embeddable":true,"href":"https:\/\/pdm2021.uwb.edu.pl\/wordpress\/wp-json\/wp\/v2\/comments?post=96"}],"version-history":[{"count":102,"href":"https:\/\/pdm2021.uwb.edu.pl\/wordpress\/wp-json\/wp\/v2\/pages\/96\/revisions"}],"predecessor-version":[{"id":2362,"href":"https:\/\/pdm2021.uwb.edu.pl\/wordpress\/wp-json\/wp\/v2\/pages\/96\/revisions\/2362"}],"wp:attachment":[{"href":"https:\/\/pdm2021.uwb.edu.pl\/wordpress\/wp-json\/wp\/v2\/media?parent=96"}],"curies":[{"name":"wp","href":"https:\/\/api.w.org\/{rel}","templated":true}]}}